{"id":693,"date":"2013-06-06T17:16:03","date_gmt":"2013-06-06T15:16:03","guid":{"rendered":"https:\/\/www.asterix-friends.com\/?page_id=693"},"modified":"2013-07-25T23:52:49","modified_gmt":"2013-07-25T21:52:49","slug":"paiement-a-lieu","status":"publish","type":"page","link":"https:\/\/www.asterix-friends.com\/fr\/paiement-a-lieu\/","title":{"rendered":"Paiement r\u00e9ussi"},"content":{"rendered":"<h2 class=\"entry-title\">Paiement r\u00e9ussi<\/h2>\n<p>Le paiement a \u00e9t\u00e9 r\u00e9alis\u00e9 avec succ\u00e8s.<br \/>\nLe montant sera d\u00e9pos\u00e9 sur votre compte dans les prochaines secondes.<br \/>\nVous pouvez maintenant fermer l&rsquo;onglet de votre navigateur internet et retourner sur Ast\u00e9rix &amp; ses amis.<\/p>\n<p><em>L&rsquo;\u00e9quipe de Ast\u00e9rix &amp; ses amis<\/em><\/p>\n","protected":false},"excerpt":{"rendered":"<p>Paiement r\u00e9ussi Le paiement a \u00e9t\u00e9 r\u00e9alis\u00e9 avec succ\u00e8s. Le montant sera d\u00e9pos\u00e9 sur votre compte dans les prochaines secondes. [&hellip;]<\/p>\n","protected":false},"author":23,"featured_media":0,"parent":0,"menu_order":16,"comment_status":"closed","ping_status":"closed","template":"","meta":{"ngg_post_thumbnail":0},"acf":[],"yoast_head":"<!-- This site is optimized with the Yoast SEO plugin v19.3 - https:\/\/yoast.com\/wordpress\/plugins\/seo\/ -->\n<title>Paiement r\u00e9ussi - Asterix &amp; Friends - Official Website<\/title>\n<meta name=\"robots\" content=\"index, follow, max-snippet:-1, max-image-preview:large, max-video-preview:-1\" \/>\n<link rel=\"canonical\" href=\"https:\/\/www.asterix-friends.com\/fr\/paiement-a-lieu\/\" \/>\n<script type=\"application\/ld+json\" class=\"yoast-schema-graph\">{\"@context\":\"https:\/\/schema.org\",\"@graph\":[{\"@type\":\"WebSite\",\"@id\":\"https:\/\/www.asterix-friends.com\/de\/#website\",\"url\":\"https:\/\/www.asterix-friends.com\/de\/\",\"name\":\"Asterix &amp; Friends - Official Website\",\"description\":\"Asterix &amp; Friends - the official Online and Mobile Game\",\"potentialAction\":[{\"@type\":\"SearchAction\",\"target\":{\"@type\":\"EntryPoint\",\"urlTemplate\":\"https:\/\/www.asterix-friends.com\/de\/?s={search_term_string}\"},\"query-input\":\"required name=search_term_string\"}],\"inLanguage\":\"fr-FR\"},{\"@type\":\"WebPage\",\"@id\":\"https:\/\/www.asterix-friends.com\/fr\/paiement-a-lieu\/\",\"url\":\"https:\/\/www.asterix-friends.com\/fr\/paiement-a-lieu\/\",\"name\":\"Paiement r\u00e9ussi - Asterix &amp; Friends - Official Website\",\"isPartOf\":{\"@id\":\"https:\/\/www.asterix-friends.com\/de\/#website\"},\"datePublished\":\"2013-06-06T15:16:03+00:00\",\"dateModified\":\"2013-07-25T21:52:49+00:00\",\"breadcrumb\":{\"@id\":\"https:\/\/www.asterix-friends.com\/fr\/paiement-a-lieu\/#breadcrumb\"},\"inLanguage\":\"fr-FR\",\"potentialAction\":[{\"@type\":\"ReadAction\",\"target\":[\"https:\/\/www.asterix-friends.com\/fr\/paiement-a-lieu\/\"]}]},{\"@type\":\"BreadcrumbList\",\"@id\":\"https:\/\/www.asterix-friends.com\/fr\/paiement-a-lieu\/#breadcrumb\",\"itemListElement\":[{\"@type\":\"ListItem\",\"position\":1,\"name\":\"Home\",\"item\":\"https:\/\/www.asterix-friends.com\/fr\/\"},{\"@type\":\"ListItem\",\"position\":2,\"name\":\"Paiement r\u00e9ussi\"}]}]}<\/script>\n<!-- \/ Yoast SEO plugin. -->","yoast_head_json":{"title":"Paiement r\u00e9ussi - Asterix &amp; Friends - Official Website","robots":{"index":"index","follow":"follow","max-snippet":"max-snippet:-1","max-image-preview":"max-image-preview:large","max-video-preview":"max-video-preview:-1"},"canonical":"https:\/\/www.asterix-friends.com\/fr\/paiement-a-lieu\/","schema":{"@context":"https:\/\/schema.org","@graph":[{"@type":"WebSite","@id":"https:\/\/www.asterix-friends.com\/de\/#website","url":"https:\/\/www.asterix-friends.com\/de\/","name":"Asterix &amp; Friends - Official Website","description":"Asterix &amp; Friends - the official Online and Mobile Game","potentialAction":[{"@type":"SearchAction","target":{"@type":"EntryPoint","urlTemplate":"https:\/\/www.asterix-friends.com\/de\/?s={search_term_string}"},"query-input":"required name=search_term_string"}],"inLanguage":"fr-FR"},{"@type":"WebPage","@id":"https:\/\/www.asterix-friends.com\/fr\/paiement-a-lieu\/","url":"https:\/\/www.asterix-friends.com\/fr\/paiement-a-lieu\/","name":"Paiement r\u00e9ussi - Asterix &amp; Friends - Official Website","isPartOf":{"@id":"https:\/\/www.asterix-friends.com\/de\/#website"},"datePublished":"2013-06-06T15:16:03+00:00","dateModified":"2013-07-25T21:52:49+00:00","breadcrumb":{"@id":"https:\/\/www.asterix-friends.com\/fr\/paiement-a-lieu\/#breadcrumb"},"inLanguage":"fr-FR","potentialAction":[{"@type":"ReadAction","target":["https:\/\/www.asterix-friends.com\/fr\/paiement-a-lieu\/"]}]},{"@type":"BreadcrumbList","@id":"https:\/\/www.asterix-friends.com\/fr\/paiement-a-lieu\/#breadcrumb","itemListElement":[{"@type":"ListItem","position":1,"name":"Home","item":"https:\/\/www.asterix-friends.com\/fr\/"},{"@type":"ListItem","position":2,"name":"Paiement r\u00e9ussi"}]}]}},"_links":{"self":[{"href":"https:\/\/www.asterix-friends.com\/fr\/wp-json\/wp\/v2\/pages\/693"}],"collection":[{"href":"https:\/\/www.asterix-friends.com\/fr\/wp-json\/wp\/v2\/pages"}],"about":[{"href":"https:\/\/www.asterix-friends.com\/fr\/wp-json\/wp\/v2\/types\/page"}],"author":[{"embeddable":true,"href":"https:\/\/www.asterix-friends.com\/fr\/wp-json\/wp\/v2\/users\/23"}],"replies":[{"embeddable":true,"href":"https:\/\/www.asterix-friends.com\/fr\/wp-json\/wp\/v2\/comments?post=693"}],"version-history":[{"count":10,"href":"https:\/\/www.asterix-friends.com\/fr\/wp-json\/wp\/v2\/pages\/693\/revisions"}],"predecessor-version":[{"id":1260,"href":"https:\/\/www.asterix-friends.com\/fr\/wp-json\/wp\/v2\/pages\/693\/revisions\/1260"}],"wp:attachment":[{"href":"https:\/\/www.asterix-friends.com\/fr\/wp-json\/wp\/v2\/media?parent=693"}],"curies":[{"name":"wp","href":"https:\/\/api.w.org\/{rel}","templated":true}]}}