{"id":686,"date":"2013-06-06T17:11:56","date_gmt":"2013-06-06T15:11:56","guid":{"rendered":"https:\/\/www.asterix-friends.com\/?page_id=686"},"modified":"2022-07-13T13:57:04","modified_gmt":"2022-07-13T11:57:04","slug":"maintenance","status":"publish","type":"page","link":"https:\/\/www.asterix-friends.com\/fr\/maintenance\/","title":{"rendered":"Maintenance"},"content":{"rendered":"<h2 class=\"entry-title\">Ast\u00e9rix &amp; ses amis est en train d\u2019\u00eatre am\u00e9lior\u00e9<\/h2>\n<p>Afin d&rsquo;assurer une bonne exp\u00e9rience de jeu avec vos amis gaulois, les d\u00e9veloppeurs sont actuellement en train d&rsquo;am\u00e9liorer Ast\u00e9rix &amp; ses amis.<\/p>\n<p>Comme le processus d&rsquo;am\u00e9lioration prend un certain temps, veuillez acc\u00e9der \u00e0 <a href=\"https:\/\/discord.gg\/X3buWprCNc\">Discord<\/a> ou \u00e0 notre page <a href=\"https:\/\/www.facebook.com\/AsterixEtSesAmis\">Facebook<\/a> afin de rester inform\u00e9 du d\u00e9veloppement actuel ou d&rsquo;interagir avec d&rsquo;autres joueurs.<\/p>\n<p>Revenez plus tard, les portes de votre village ouvriront bient\u00f4t !<\/p>\n<p><span style=\"line-height: 1.714285714; font-size: 1rem;\">Merci de votre compr\u00e9hension,<\/span><br \/>\n<strong>L\u2019\u00e9quipe d\u2019Ast\u00e9rix et ses Amis<\/strong><\/p>\n","protected":false},"excerpt":{"rendered":"<p>Ast\u00e9rix &amp; ses amis est en train d\u2019\u00eatre am\u00e9lior\u00e9 Afin d&rsquo;assurer une bonne exp\u00e9rience de jeu avec vos amis gaulois, [&hellip;]<\/p>\n","protected":false},"author":23,"featured_media":0,"parent":0,"menu_order":16,"comment_status":"closed","ping_status":"closed","template":"page-templates\/wartung.php","meta":{"ngg_post_thumbnail":0},"acf":[],"yoast_head":"<!-- This site is optimized with the Yoast SEO plugin v19.3 - https:\/\/yoast.com\/wordpress\/plugins\/seo\/ -->\n<title>Maintenance - Asterix &amp; Friends - Official Website<\/title>\n<meta name=\"robots\" content=\"index, follow, max-snippet:-1, max-image-preview:large, max-video-preview:-1\" \/>\n<link rel=\"canonical\" href=\"https:\/\/www.asterix-friends.com\/fr\/maintenance\/\" \/>\n<script type=\"application\/ld+json\" class=\"yoast-schema-graph\">{\"@context\":\"https:\/\/schema.org\",\"@graph\":[{\"@type\":\"WebSite\",\"@id\":\"https:\/\/www.asterix-friends.com\/de\/#website\",\"url\":\"https:\/\/www.asterix-friends.com\/de\/\",\"name\":\"Asterix &amp; Friends - Official Website\",\"description\":\"Asterix &amp; Friends - the official Online and Mobile Game\",\"potentialAction\":[{\"@type\":\"SearchAction\",\"target\":{\"@type\":\"EntryPoint\",\"urlTemplate\":\"https:\/\/www.asterix-friends.com\/de\/?s={search_term_string}\"},\"query-input\":\"required name=search_term_string\"}],\"inLanguage\":\"fr-FR\"},{\"@type\":\"WebPage\",\"@id\":\"https:\/\/www.asterix-friends.com\/fr\/maintenance\/\",\"url\":\"https:\/\/www.asterix-friends.com\/fr\/maintenance\/\",\"name\":\"Maintenance - Asterix &amp; Friends - Official Website\",\"isPartOf\":{\"@id\":\"https:\/\/www.asterix-friends.com\/de\/#website\"},\"datePublished\":\"2013-06-06T15:11:56+00:00\",\"dateModified\":\"2022-07-13T11:57:04+00:00\",\"breadcrumb\":{\"@id\":\"https:\/\/www.asterix-friends.com\/fr\/maintenance\/#breadcrumb\"},\"inLanguage\":\"fr-FR\",\"potentialAction\":[{\"@type\":\"ReadAction\",\"target\":[\"https:\/\/www.asterix-friends.com\/fr\/maintenance\/\"]}]},{\"@type\":\"BreadcrumbList\",\"@id\":\"https:\/\/www.asterix-friends.com\/fr\/maintenance\/#breadcrumb\",\"itemListElement\":[{\"@type\":\"ListItem\",\"position\":1,\"name\":\"Home\",\"item\":\"https:\/\/www.asterix-friends.com\/fr\/\"},{\"@type\":\"ListItem\",\"position\":2,\"name\":\"Maintenance\"}]}]}<\/script>\n<!-- \/ Yoast SEO plugin. -->","yoast_head_json":{"title":"Maintenance - Asterix &amp; Friends - Official Website","robots":{"index":"index","follow":"follow","max-snippet":"max-snippet:-1","max-image-preview":"max-image-preview:large","max-video-preview":"max-video-preview:-1"},"canonical":"https:\/\/www.asterix-friends.com\/fr\/maintenance\/","schema":{"@context":"https:\/\/schema.org","@graph":[{"@type":"WebSite","@id":"https:\/\/www.asterix-friends.com\/de\/#website","url":"https:\/\/www.asterix-friends.com\/de\/","name":"Asterix &amp; Friends - Official Website","description":"Asterix &amp; Friends - the official Online and Mobile Game","potentialAction":[{"@type":"SearchAction","target":{"@type":"EntryPoint","urlTemplate":"https:\/\/www.asterix-friends.com\/de\/?s={search_term_string}"},"query-input":"required name=search_term_string"}],"inLanguage":"fr-FR"},{"@type":"WebPage","@id":"https:\/\/www.asterix-friends.com\/fr\/maintenance\/","url":"https:\/\/www.asterix-friends.com\/fr\/maintenance\/","name":"Maintenance - Asterix &amp; Friends - Official Website","isPartOf":{"@id":"https:\/\/www.asterix-friends.com\/de\/#website"},"datePublished":"2013-06-06T15:11:56+00:00","dateModified":"2022-07-13T11:57:04+00:00","breadcrumb":{"@id":"https:\/\/www.asterix-friends.com\/fr\/maintenance\/#breadcrumb"},"inLanguage":"fr-FR","potentialAction":[{"@type":"ReadAction","target":["https:\/\/www.asterix-friends.com\/fr\/maintenance\/"]}]},{"@type":"BreadcrumbList","@id":"https:\/\/www.asterix-friends.com\/fr\/maintenance\/#breadcrumb","itemListElement":[{"@type":"ListItem","position":1,"name":"Home","item":"https:\/\/www.asterix-friends.com\/fr\/"},{"@type":"ListItem","position":2,"name":"Maintenance"}]}]}},"_links":{"self":[{"href":"https:\/\/www.asterix-friends.com\/fr\/wp-json\/wp\/v2\/pages\/686"}],"collection":[{"href":"https:\/\/www.asterix-friends.com\/fr\/wp-json\/wp\/v2\/pages"}],"about":[{"href":"https:\/\/www.asterix-friends.com\/fr\/wp-json\/wp\/v2\/types\/page"}],"author":[{"embeddable":true,"href":"https:\/\/www.asterix-friends.com\/fr\/wp-json\/wp\/v2\/users\/23"}],"replies":[{"embeddable":true,"href":"https:\/\/www.asterix-friends.com\/fr\/wp-json\/wp\/v2\/comments?post=686"}],"version-history":[{"count":14,"href":"https:\/\/www.asterix-friends.com\/fr\/wp-json\/wp\/v2\/pages\/686\/revisions"}],"predecessor-version":[{"id":7228,"href":"https:\/\/www.asterix-friends.com\/fr\/wp-json\/wp\/v2\/pages\/686\/revisions\/7228"}],"wp:attachment":[{"href":"https:\/\/www.asterix-friends.com\/fr\/wp-json\/wp\/v2\/media?parent=686"}],"curies":[{"name":"wp","href":"https:\/\/api.w.org\/{rel}","templated":true}]}}