{"id":2172,"date":"2014-05-05T01:06:41","date_gmt":"2014-05-04T23:06:41","guid":{"rendered":"https:\/\/www.asterix-friends.com\/?page_id=2172"},"modified":"2014-05-06T13:58:06","modified_gmt":"2014-05-06T11:58:06","slug":"faq-demenagement","status":"publish","type":"page","link":"https:\/\/www.asterix-friends.com\/fr\/faq-demenagement\/","title":{"rendered":"FAQ D\u00e9m\u00e9nagement"},"content":{"rendered":"<h1>FAQ sur la migration<\/h1>\n<p>Chers Gaulois,<\/p>\n<p>Dans le cadre du transfert du jeu Ast\u00e9rix &amp; ses Amis de Deutsche Telekom AG au d\u00e9veloppeur Sproing Publishing AG, nous avons rassembl\u00e9 un certain nombre d&rsquo;informations afin de r\u00e9pondre \u00e0 vos questions :<\/p>\n<p><strong>Pourquoi r\u00e9voquer son inscription ?<br \/>\n<\/strong>Dans le cadre du transfert du jeu \u00e0 Sproing Publishing GmbH le 27 mai 2014, nous devons \u00e9galement proc\u00e9der au transfert d&rsquo;informations compl\u00e9mentaires, comme vos donn\u00e9es de compte, vos donn\u00e9es de jeu et vos donn\u00e9es de paiement, afin de garantir la continuit\u00e9 du fonctionnement du jeu.<\/p>\n<p>Sproing met \u00e0 votre disposition les conditions g\u00e9n\u00e9rales, les conditions d&rsquo;utilisation, la politique de protection des donn\u00e9es et les r\u00e8gles de chat sous les liens suivants :<\/p>\n<p><a title=\"Conditions g\u00e9n\u00e9rales de Sproing Publishing GmbH\" href=\"https:\/\/www.asterix-friends.com\/fr\/conditions-generales-de-vente-sproing\/\" target=\"_blank\">Conditions g\u00e9n\u00e9rales de Sproing Publishing GmbH<\/a><br \/>\n<a title=\"Conditions d'utilisation de Sproing Publishing GmbH\" href=\"https:\/\/www.asterix-friends.com\/fr\/conditions-dutilisation-sproing\/\" target=\"_blank\">Conditions d&rsquo;utilisation de Sproing Publishing GmbH<\/a><br \/>\n<a title=\"Politique de protection des donn\u00e9es de Sproing Publishing GmbH\" href=\"https:\/\/www.asterix-friends.com\/fr\/declaration-sur-la-protection-sproing\/\" target=\"_blank\">Politique de protection des donn\u00e9es de Sproing Publishing GmbH<\/a><br \/>\n<a title=\"R\u00e8gles de chat de Sproing Publishing GmbH\" href=\"https:\/\/www.asterix-friends.com\/fr\/regles-du-chat-sproing\/\" target=\"_blank\">R\u00e8gles de chat de Sproing Publishing GmbH<\/a><\/p>\n<p>Ces nouvelles conditions entrent en vigueur le 27 mai 2014.<\/p>\n<p>Si vous n&rsquo;acceptez pas ces nouvelles conditions, vous devez refuser la migration de vos donn\u00e9es.<br \/>\nCela signifie que vous ne pourrez plus vous connecter au jeu \u00e0 partir du 27 mai 2014 et que toutes vos donn\u00e9es de jeu seront supprim\u00e9es. Cela vaut \u00e9galement pour la monnaie Premium achet\u00e9e ou gagn\u00e9e.<\/p>\n<p><strong>Que se passe-t-il si je refuse la migration ?<\/strong><br \/>\nLe refus de la migration entra\u00eene la suppression de toutes vos donn\u00e9es de compte, donn\u00e9es de jeu et donn\u00e9es de paiement le 27 mai 2014. Ces donn\u00e9es ne seront donc pas transf\u00e9r\u00e9es \u00e0 Sproing.<\/p>\n<p>Cela signifie que vous ne pourrez plus vous connecter au jeu \u00e0 partir du 27 mai 2014 et que toutes vos donn\u00e9es de jeu seront supprim\u00e9es. Cela vaut \u00e9galement pour la monnaie Premium achet\u00e9e ou gagn\u00e9e.<\/p>\n<p>Cette suppression est d\u00e9finitive : elle ne peut pas \u00eatre annul\u00e9e.<\/p>\n<p><strong>Comment refuser la migration ?<\/strong><br \/>\nPour refuser la migration, et donc le transfert de vos donn\u00e9es \u00e0 Sproing, vous devez contacter le support en vous connectant sur notre site web :\u00a0<a title=\"Support\" href=\"https:\/\/www.asterix-friends.com\/fr\/support\/\" target=\"_blank\">https:\/\/www.asterix-friends.com\/fr\/support\/<\/a><\/p>\n<p>S\u00e9lectionnez l&rsquo;onglet Contact et saisissez vos donn\u00e9es dans les champs requis.<\/p>\n<p><img loading=\"lazy\" alt=\"screen_support_fr\" src=\"https:\/\/www.asterix-friends.com\/wp-content\/uploads\/2014\/05\/screen_support_fr.jpg\" width=\"800\" height=\"737\" \/><\/p>\n<p>Ensuite, s\u00e9lectionnez le sujet Migration\/Refus et saisissez votre num\u00e9ro de client dans le champ Description.<\/p>\n<p>Vous trouverez votre num\u00e9ro de client dans le centre clients \u00e0 l&rsquo;adresse web suivante :\u00a0<a href=\"https:\/\/global.telekom.com\/gcp-web-csc\/10000024\/?locale=fr\" target=\"_blank\">https:\/\/global.telekom.com\/gcp-web-csc\/10000024\/?locale=fr<\/a><\/p>\n<p>Cliquez sur Envoyer pour communiquer votre refus au support, qui v\u00e9rifiera vos donn\u00e9es et vous enverra un e-mail validant votre refus.<br \/>\n<strong>Que se passe-t-il pendant le transfert ?<\/strong><br \/>\nLes serveurs seront indisponibles quelque temps car les donn\u00e9es de clients et les donn\u00e9es de jeu doivent \u00eatre transf\u00e9r\u00e9es sur un autre syst\u00e8me.<\/p>\n<p><strong>Quand aura lieu le transfert ?<\/strong><br \/>\nLe moment pr\u00e9cis de la migration n&rsquo;est pas encore d\u00e9termin\u00e9, mais les joueurs en seront bien s\u00fbr inform\u00e9s au pr\u00e9alable.<\/p>\n<p><strong>Que deviennent mon score et mes achats ?<\/strong><br \/>\nToutes les donn\u00e9es du jeu seront conserv\u00e9es et vous pourrez reprendre le jeu l\u00e0 o\u00f9 vous l&rsquo;avez arr\u00eat\u00e9. Ceci s&rsquo;applique notamment aux casques romains, aux sesterces, aux ressources, aux objets, \u00e0 la liste d&rsquo;amis, au classement JcJ, etc.<\/p>\n<p><strong>Les prix vont-ils augmenter ?<\/strong><br \/>\nIl n&rsquo;est pas pr\u00e9vu d&rsquo;augmentation de prix dans le cadre de cette migration. Une augmentation ult\u00e9rieure n&rsquo;est toutefois pas exclue.<\/p>\n<p><strong>L&rsquo;URL du jeu va-t-elle changer ?<\/strong><br \/>\nLa migration implique n\u00e9cessairement un changement d&rsquo;URL du jeu. Veuillez utiliser le site web suivant pour acc\u00e9der au jeu la premi\u00e8re fois : <a href=\"https:\/\/www.asterix-friends.com\">https:\/\/www.asterix-friends.com<\/a><\/p>\n<p><strong>L&rsquo;URL du forum va-t-elle changer ?<\/strong><br \/>\nL&rsquo;URL du forum va \u00e9galement changer apr\u00e8s la migration. La premi\u00e8re connexion se fera \u00e9galement via le site web ou le jeu.<\/p>\n<p><strong>Tous les fils de discussion seront-ils supprim\u00e9s ?<\/strong><br \/>\nTous les fils de discussion seront transf\u00e9r\u00e9s, leur suppression n&rsquo;\u00e9tant pas n\u00e9cessaire.<\/p>\n<p><strong>Les mod\u00e9rateurs du forum vont-ils changer ?<\/strong><br \/>\nAucun changement de mod\u00e9rateur n&rsquo;est pr\u00e9vu.<\/p>\n<p><strong>Mon identifiant de forum va-t-il changer ?<\/strong><br \/>\nLes identifiants du jeu et du forum restent identiques.<\/p>\n<p><strong>Que vont devenir mes tickets de support en cours de traitement ?<\/strong><br \/>\nLes tickets de support en cours de traitement seront trait\u00e9s. Nous vous remercions d&rsquo;avance pour votre patience, la migration pouvant occasionner un l\u00e9ger retard.<\/p>\n<p><strong>Qu&rsquo;est-ce qui va changer dans le jeu ?<\/strong><br \/>\nSproing Publishing GmbH va continuer \u00e0 am\u00e9liorer le jeu et \u00e0 lui donner de nouveaux contenus. Parmi les importantes modifications pr\u00e9vues, citons le nouveau syst\u00e8me de guilde et le chat de guilde. Vous pourrez encore plus facilement \u00e9changer avec vos amis et taper des Romains.<\/p>\n<p><strong>Vais-je conserver mon niveau de bonus quotidiens ?<\/strong><br \/>\nDans la mesure o\u00f9 la migration peut s&rsquo;achever dans la journ\u00e9e, rien ne changera concernant les bonus quotidiens. Nous mettrons tout en \u0153uvre pour effectuer les changements le plus rapidement possible !<\/p>\n<p><strong>Dois-je donner un nouveau nom \u00e0 mon village ?<\/strong><br \/>\nIl n&rsquo;est pas n\u00e9cessaire de donner un nouveau nom au village.<\/p>\n<p><strong>Combien de temps dure la migration ? Le jeu sera-t-il mis en pause ?<\/strong><br \/>\nLe temps de maintenance est estim\u00e9 \u00e0 6 h environ.<br \/>\nLes contenus de jeu \u00e9tant soumis \u00e0 une limite de temps ne seront pas mis en pause. Il s&rsquo;agit des l\u00e9gions, des sacs temporaires, des avant-postes temporaires, de la r\u00e9apparition des camps\/patrouilles et des tournois de bagarres de village.<\/p>\n<p>&nbsp;<\/p>\n","protected":false},"excerpt":{"rendered":"<p>FAQ sur la migration Chers Gaulois, Dans le cadre du transfert du jeu Ast\u00e9rix &amp; ses Amis de Deutsche Telekom [&hellip;]<\/p>\n","protected":false},"author":23,"featured_media":0,"parent":0,"menu_order":0,"comment_status":"closed","ping_status":"closed","template":"","meta":{"ngg_post_thumbnail":0},"acf":[],"yoast_head":"<!-- This site is optimized with the Yoast SEO plugin v19.3 - https:\/\/yoast.com\/wordpress\/plugins\/seo\/ -->\n<title>FAQ D\u00e9m\u00e9nagement - Asterix &amp; Friends - Official Website<\/title>\n<meta name=\"robots\" content=\"index, follow, max-snippet:-1, max-image-preview:large, max-video-preview:-1\" \/>\n<link rel=\"canonical\" href=\"https:\/\/www.asterix-friends.com\/fr\/faq-demenagement\/\" \/>\n<meta name=\"twitter:label1\" content=\"Dur\u00e9e de lecture estim\u00e9e\" \/>\n\t<meta name=\"twitter:data1\" content=\"4 minutes\" \/>\n<script type=\"application\/ld+json\" class=\"yoast-schema-graph\">{\"@context\":\"https:\/\/schema.org\",\"@graph\":[{\"@type\":\"WebSite\",\"@id\":\"https:\/\/www.asterix-friends.com\/de\/#website\",\"url\":\"https:\/\/www.asterix-friends.com\/de\/\",\"name\":\"Asterix &amp; Friends - Official Website\",\"description\":\"Asterix &amp; Friends - the official Online and Mobile Game\",\"potentialAction\":[{\"@type\":\"SearchAction\",\"target\":{\"@type\":\"EntryPoint\",\"urlTemplate\":\"https:\/\/www.asterix-friends.com\/de\/?s={search_term_string}\"},\"query-input\":\"required name=search_term_string\"}],\"inLanguage\":\"fr-FR\"},{\"@type\":\"ImageObject\",\"inLanguage\":\"fr-FR\",\"@id\":\"https:\/\/www.asterix-friends.com\/fr\/faq-demenagement\/#primaryimage\",\"url\":\"https:\/\/www.asterix-friends.com\/wp-content\/uploads\/2014\/05\/screen_support_fr.jpg\",\"contentUrl\":\"https:\/\/www.asterix-friends.com\/wp-content\/uploads\/2014\/05\/screen_support_fr.jpg\",\"width\":800,\"height\":737},{\"@type\":\"WebPage\",\"@id\":\"https:\/\/www.asterix-friends.com\/fr\/faq-demenagement\/\",\"url\":\"https:\/\/www.asterix-friends.com\/fr\/faq-demenagement\/\",\"name\":\"FAQ D\u00e9m\u00e9nagement - Asterix &amp; Friends - Official Website\",\"isPartOf\":{\"@id\":\"https:\/\/www.asterix-friends.com\/de\/#website\"},\"primaryImageOfPage\":{\"@id\":\"https:\/\/www.asterix-friends.com\/fr\/faq-demenagement\/#primaryimage\"},\"datePublished\":\"2014-05-04T23:06:41+00:00\",\"dateModified\":\"2014-05-06T11:58:06+00:00\",\"breadcrumb\":{\"@id\":\"https:\/\/www.asterix-friends.com\/fr\/faq-demenagement\/#breadcrumb\"},\"inLanguage\":\"fr-FR\",\"potentialAction\":[{\"@type\":\"ReadAction\",\"target\":[\"https:\/\/www.asterix-friends.com\/fr\/faq-demenagement\/\"]}]},{\"@type\":\"BreadcrumbList\",\"@id\":\"https:\/\/www.asterix-friends.com\/fr\/faq-demenagement\/#breadcrumb\",\"itemListElement\":[{\"@type\":\"ListItem\",\"position\":1,\"name\":\"Home\",\"item\":\"https:\/\/www.asterix-friends.com\/fr\/\"},{\"@type\":\"ListItem\",\"position\":2,\"name\":\"FAQ D\u00e9m\u00e9nagement\"}]}]}<\/script>\n<!-- \/ Yoast SEO plugin. -->","yoast_head_json":{"title":"FAQ D\u00e9m\u00e9nagement - Asterix &amp; Friends - Official Website","robots":{"index":"index","follow":"follow","max-snippet":"max-snippet:-1","max-image-preview":"max-image-preview:large","max-video-preview":"max-video-preview:-1"},"canonical":"https:\/\/www.asterix-friends.com\/fr\/faq-demenagement\/","twitter_misc":{"Dur\u00e9e de lecture estim\u00e9e":"4 minutes"},"schema":{"@context":"https:\/\/schema.org","@graph":[{"@type":"WebSite","@id":"https:\/\/www.asterix-friends.com\/de\/#website","url":"https:\/\/www.asterix-friends.com\/de\/","name":"Asterix &amp; Friends - Official Website","description":"Asterix &amp; Friends - the official Online and Mobile Game","potentialAction":[{"@type":"SearchAction","target":{"@type":"EntryPoint","urlTemplate":"https:\/\/www.asterix-friends.com\/de\/?s={search_term_string}"},"query-input":"required name=search_term_string"}],"inLanguage":"fr-FR"},{"@type":"ImageObject","inLanguage":"fr-FR","@id":"https:\/\/www.asterix-friends.com\/fr\/faq-demenagement\/#primaryimage","url":"https:\/\/www.asterix-friends.com\/wp-content\/uploads\/2014\/05\/screen_support_fr.jpg","contentUrl":"https:\/\/www.asterix-friends.com\/wp-content\/uploads\/2014\/05\/screen_support_fr.jpg","width":800,"height":737},{"@type":"WebPage","@id":"https:\/\/www.asterix-friends.com\/fr\/faq-demenagement\/","url":"https:\/\/www.asterix-friends.com\/fr\/faq-demenagement\/","name":"FAQ D\u00e9m\u00e9nagement - Asterix &amp; Friends - Official Website","isPartOf":{"@id":"https:\/\/www.asterix-friends.com\/de\/#website"},"primaryImageOfPage":{"@id":"https:\/\/www.asterix-friends.com\/fr\/faq-demenagement\/#primaryimage"},"datePublished":"2014-05-04T23:06:41+00:00","dateModified":"2014-05-06T11:58:06+00:00","breadcrumb":{"@id":"https:\/\/www.asterix-friends.com\/fr\/faq-demenagement\/#breadcrumb"},"inLanguage":"fr-FR","potentialAction":[{"@type":"ReadAction","target":["https:\/\/www.asterix-friends.com\/fr\/faq-demenagement\/"]}]},{"@type":"BreadcrumbList","@id":"https:\/\/www.asterix-friends.com\/fr\/faq-demenagement\/#breadcrumb","itemListElement":[{"@type":"ListItem","position":1,"name":"Home","item":"https:\/\/www.asterix-friends.com\/fr\/"},{"@type":"ListItem","position":2,"name":"FAQ D\u00e9m\u00e9nagement"}]}]}},"_links":{"self":[{"href":"https:\/\/www.asterix-friends.com\/fr\/wp-json\/wp\/v2\/pages\/2172"}],"collection":[{"href":"https:\/\/www.asterix-friends.com\/fr\/wp-json\/wp\/v2\/pages"}],"about":[{"href":"https:\/\/www.asterix-friends.com\/fr\/wp-json\/wp\/v2\/types\/page"}],"author":[{"embeddable":true,"href":"https:\/\/www.asterix-friends.com\/fr\/wp-json\/wp\/v2\/users\/23"}],"replies":[{"embeddable":true,"href":"https:\/\/www.asterix-friends.com\/fr\/wp-json\/wp\/v2\/comments?post=2172"}],"version-history":[{"count":7,"href":"https:\/\/www.asterix-friends.com\/fr\/wp-json\/wp\/v2\/pages\/2172\/revisions"}],"predecessor-version":[{"id":2215,"href":"https:\/\/www.asterix-friends.com\/fr\/wp-json\/wp\/v2\/pages\/2172\/revisions\/2215"}],"wp:attachment":[{"href":"https:\/\/www.asterix-friends.com\/fr\/wp-json\/wp\/v2\/media?parent=2172"}],"curies":[{"name":"wp","href":"https:\/\/api.w.org\/{rel}","templated":true}]}}