{"id":2166,"date":"2014-05-05T01:12:38","date_gmt":"2014-05-04T23:12:38","guid":{"rendered":"https:\/\/www.asterix-friends.com\/?page_id=2166"},"modified":"2014-05-06T00:24:16","modified_gmt":"2014-05-05T22:24:16","slug":"conditions-demenagement","status":"publish","type":"page","link":"https:\/\/www.asterix-friends.com\/fr\/conditions-demenagement\/","title":{"rendered":"Conditions D\u00e9m\u00e9nagement"},"content":{"rendered":"<h1>Accord de migration<\/h1>\n<p>En m&rsquo;inscrivant, j&rsquo;accepte le transfert de mes donn\u00e9es \u00e0 Sproing Publishing GmbH. Au cours de ce transfert, qui aura lieu le 27\/05\/2014, les donn\u00e9es suivantes, entre autres, seront transf\u00e9r\u00e9es de Deutsche Telekom AG \u00e0 Sproing :<\/p>\n<ul>\n<li><span style=\"line-height: 1.714285714; font-size: 1rem;\">donn\u00e9es de compte (par exemple : adresse e-mail et mot de passe)<\/span><\/li>\n<li><span style=\"line-height: 1.714285714; font-size: 1rem;\">donn\u00e9es du jeu (par exemple : nom de joueur, quantit\u00e9 de ressources, objets et monnaie Premium)<\/span><\/li>\n<li><span style=\"line-height: 1.714285714; font-size: 1rem;\">donn\u00e9es de paiement (par exemple : historique des achats)<\/span><\/li>\n<\/ul>\n<p><a title=\"Conditions de vente\" href=\"\/fr\/conditions-generales-de-vente-sproing\">Cliquez ici pour consulter les nouvelles Conditions g\u00e9n\u00e9rales de Sproing<\/a>. Pour plus d&rsquo;informations sur ce transfert, merci de <a title=\"FAQ\" href=\"https:\/\/www.asterix-friends.com\/fr\/faq-demenagement\/\" target=\"_blank\">consulter notre FAQ<\/a>.<\/p>\n","protected":false},"excerpt":{"rendered":"<p>Accord de migration En m&rsquo;inscrivant, j&rsquo;accepte le transfert de mes donn\u00e9es \u00e0 Sproing Publishing GmbH. Au cours de ce transfert, [&hellip;]<\/p>\n","protected":false},"author":23,"featured_media":0,"parent":0,"menu_order":0,"comment_status":"closed","ping_status":"closed","template":"","meta":{"ngg_post_thumbnail":0},"acf":[],"yoast_head":"<!-- This site is optimized with the Yoast SEO plugin v19.3 - https:\/\/yoast.com\/wordpress\/plugins\/seo\/ -->\n<title>Conditions D\u00e9m\u00e9nagement - Asterix &amp; Friends - Official Website<\/title>\n<meta name=\"robots\" content=\"index, follow, max-snippet:-1, max-image-preview:large, max-video-preview:-1\" \/>\n<link rel=\"canonical\" href=\"https:\/\/www.asterix-friends.com\/fr\/conditions-demenagement\/\" \/>\n<script type=\"application\/ld+json\" class=\"yoast-schema-graph\">{\"@context\":\"https:\/\/schema.org\",\"@graph\":[{\"@type\":\"WebSite\",\"@id\":\"https:\/\/www.asterix-friends.com\/de\/#website\",\"url\":\"https:\/\/www.asterix-friends.com\/de\/\",\"name\":\"Asterix &amp; Friends - Official Website\",\"description\":\"Asterix &amp; Friends - the official Online and Mobile Game\",\"potentialAction\":[{\"@type\":\"SearchAction\",\"target\":{\"@type\":\"EntryPoint\",\"urlTemplate\":\"https:\/\/www.asterix-friends.com\/de\/?s={search_term_string}\"},\"query-input\":\"required name=search_term_string\"}],\"inLanguage\":\"fr-FR\"},{\"@type\":\"WebPage\",\"@id\":\"https:\/\/www.asterix-friends.com\/fr\/conditions-demenagement\/\",\"url\":\"https:\/\/www.asterix-friends.com\/fr\/conditions-demenagement\/\",\"name\":\"Conditions D\u00e9m\u00e9nagement - Asterix &amp; Friends - Official Website\",\"isPartOf\":{\"@id\":\"https:\/\/www.asterix-friends.com\/de\/#website\"},\"datePublished\":\"2014-05-04T23:12:38+00:00\",\"dateModified\":\"2014-05-05T22:24:16+00:00\",\"breadcrumb\":{\"@id\":\"https:\/\/www.asterix-friends.com\/fr\/conditions-demenagement\/#breadcrumb\"},\"inLanguage\":\"fr-FR\",\"potentialAction\":[{\"@type\":\"ReadAction\",\"target\":[\"https:\/\/www.asterix-friends.com\/fr\/conditions-demenagement\/\"]}]},{\"@type\":\"BreadcrumbList\",\"@id\":\"https:\/\/www.asterix-friends.com\/fr\/conditions-demenagement\/#breadcrumb\",\"itemListElement\":[{\"@type\":\"ListItem\",\"position\":1,\"name\":\"Home\",\"item\":\"https:\/\/www.asterix-friends.com\/fr\/\"},{\"@type\":\"ListItem\",\"position\":2,\"name\":\"Conditions D\u00e9m\u00e9nagement\"}]}]}<\/script>\n<!-- \/ Yoast SEO plugin. -->","yoast_head_json":{"title":"Conditions D\u00e9m\u00e9nagement - Asterix &amp; Friends - Official Website","robots":{"index":"index","follow":"follow","max-snippet":"max-snippet:-1","max-image-preview":"max-image-preview:large","max-video-preview":"max-video-preview:-1"},"canonical":"https:\/\/www.asterix-friends.com\/fr\/conditions-demenagement\/","schema":{"@context":"https:\/\/schema.org","@graph":[{"@type":"WebSite","@id":"https:\/\/www.asterix-friends.com\/de\/#website","url":"https:\/\/www.asterix-friends.com\/de\/","name":"Asterix &amp; Friends - Official Website","description":"Asterix &amp; Friends - the official Online and Mobile Game","potentialAction":[{"@type":"SearchAction","target":{"@type":"EntryPoint","urlTemplate":"https:\/\/www.asterix-friends.com\/de\/?s={search_term_string}"},"query-input":"required name=search_term_string"}],"inLanguage":"fr-FR"},{"@type":"WebPage","@id":"https:\/\/www.asterix-friends.com\/fr\/conditions-demenagement\/","url":"https:\/\/www.asterix-friends.com\/fr\/conditions-demenagement\/","name":"Conditions D\u00e9m\u00e9nagement - Asterix &amp; Friends - Official Website","isPartOf":{"@id":"https:\/\/www.asterix-friends.com\/de\/#website"},"datePublished":"2014-05-04T23:12:38+00:00","dateModified":"2014-05-05T22:24:16+00:00","breadcrumb":{"@id":"https:\/\/www.asterix-friends.com\/fr\/conditions-demenagement\/#breadcrumb"},"inLanguage":"fr-FR","potentialAction":[{"@type":"ReadAction","target":["https:\/\/www.asterix-friends.com\/fr\/conditions-demenagement\/"]}]},{"@type":"BreadcrumbList","@id":"https:\/\/www.asterix-friends.com\/fr\/conditions-demenagement\/#breadcrumb","itemListElement":[{"@type":"ListItem","position":1,"name":"Home","item":"https:\/\/www.asterix-friends.com\/fr\/"},{"@type":"ListItem","position":2,"name":"Conditions D\u00e9m\u00e9nagement"}]}]}},"_links":{"self":[{"href":"https:\/\/www.asterix-friends.com\/fr\/wp-json\/wp\/v2\/pages\/2166"}],"collection":[{"href":"https:\/\/www.asterix-friends.com\/fr\/wp-json\/wp\/v2\/pages"}],"about":[{"href":"https:\/\/www.asterix-friends.com\/fr\/wp-json\/wp\/v2\/types\/page"}],"author":[{"embeddable":true,"href":"https:\/\/www.asterix-friends.com\/fr\/wp-json\/wp\/v2\/users\/23"}],"replies":[{"embeddable":true,"href":"https:\/\/www.asterix-friends.com\/fr\/wp-json\/wp\/v2\/comments?post=2166"}],"version-history":[{"count":6,"href":"https:\/\/www.asterix-friends.com\/fr\/wp-json\/wp\/v2\/pages\/2166\/revisions"}],"predecessor-version":[{"id":2225,"href":"https:\/\/www.asterix-friends.com\/fr\/wp-json\/wp\/v2\/pages\/2166\/revisions\/2225"}],"wp:attachment":[{"href":"https:\/\/www.asterix-friends.com\/fr\/wp-json\/wp\/v2\/media?parent=2166"}],"curies":[{"name":"wp","href":"https:\/\/api.w.org\/{rel}","templated":true}]}}