{"id":2142,"date":"2014-05-05T01:22:12","date_gmt":"2014-05-04T23:22:12","guid":{"rendered":"https:\/\/www.asterix-friends.com\/?page_id=2142"},"modified":"2014-05-05T01:22:12","modified_gmt":"2014-05-04T23:22:12","slug":"declaration-sur-la-protection-sproing","status":"publish","type":"page","link":"https:\/\/www.asterix-friends.com\/fr\/declaration-sur-la-protection-sproing\/","title":{"rendered":"D\u00e9claration sur la protection des donn\u00e9es dans le cadre de l&rsquo;utilisation de nos offres de jeux et de la consultation des pages Internet correspondantes"},"content":{"rendered":"<p>Sproing Publishing GmbH (Fernkorngasse 10, 1100 Vienne) se f\u00e9licite de votre visite sur ce site Internet. L&rsquo;ensemble du Sproing Publishing GmbH accorde une grande importance \u00e0 la protection et \u00e0 la s\u00e9curit\u00e9 des donn\u00e9es. C&rsquo;est pourquoi il nous importe tout particuli\u00e8rement de prot\u00e9ger vos donn\u00e9es personnelles tout au long de nos processus. Pour Sproing Publishing GmbH s&rsquo;appliquent les r\u00e9glements de la protection des donn\u00e9es pr\u00e9vus par la loi. Cette d\u00e9claration sur la protection des donn\u00e9es explique quels types d\u2019informations nous conservons lorsque vous visitez nos sites Internet et jouez aux jeux que nous proposons et la fa\u00e7on dont nous les employons. Elle ne s&rsquo;applique pas aux sites Internet d&rsquo;entreprises qui comportent \u00e9ventuellement un lien vers cette page web ou un autre site Internet de la soci\u00e9t\u00e9 Sproing Publishing GmbH. Avant l&rsquo;utilisation du jeu, vous d\u00e9clarez accepter que vos donn\u00e9es personnelles soient recueillies et utilis\u00e9es par Sproing Publishing GmbH selon la m\u00e9thode pr\u00e9sent\u00e9e dans cette d\u00e9claration de protection des donn\u00e9es. Une utilisation de donn\u00e9es utilisateurs est requise pour les exigences techniques, les m\u00e9thodes de communication et la correction des d\u00e9fauts techniques.<\/p>\n<h2>1 Collecte de donn\u00e9es par la soci\u00e9t\u00e9 Sproing Publishing GmbH<\/h2>\n<p>Lorsque vous consultez nos pages Internet, nos serveurs Web enregistrent temporairement le nom du domaine ou l&rsquo;adresse IP de l&rsquo;ordinateur demandant l&rsquo;acc\u00e8s; la demande de fichier du client (nom du fichier et URL), le code de r\u00e9ponse HTTP et le site Internet \u00e0 partir duquel vous nous rendez visite. Avant d&rsquo;utiliser le jeu, vous avez la possibilit\u00e9 de vous informer sur la collecte et l&rsquo;utilisation de donn\u00e9es personnelles par Sproing Publishing GmbH selon la m\u00e9thode pr\u00e9sent\u00e9e dans cette d\u00e9claration de protection des donn\u00e9es. Une utilisation de donn\u00e9es utilisateurs est requise pour les exigences techniques, les m\u00e9thodes de communication et la correction des d\u00e9fauts techniques. En tant qu&rsquo;utilisateur de nos offres de jeu, et par votre participation au jeu, vous autorisez Sproing Publishing GmbH \u00e0 utiliser vos donn\u00e9es pour l&rsquo;ex\u00e9cution du jeu, pour vous offrir une exp\u00e9rience efficace, sans accroc et en toute s\u00e9curit\u00e9. Pour pouvoir utiliser le jeu, nous avons besoin des donn\u00e9es suivantes:<\/p>\n<p>Donn\u00e9es contractuelles:<br \/>\nLes donn\u00e9es contractuelles sont toutes les informations n\u00e9cessaires \u00e0 l&rsquo;identification de chaque compte client, ind\u00e9pendamment du comportement d&rsquo;utilisation. Parmi vos donn\u00e9es contractuelles figurent votre adresse e-mail ainsi que votre mot de passe. Nous enregistrons de plus un num\u00e9ro client pour chaque compte que vous pouvez consulter dans l&rsquo;espace de gestion de votre compte, sur <a href=\"https:\/\/global.telekom.com\/gcp-web-csc\/10000024\/\" target=\"_blank\">https:\/\/global.telekom.com\/gcp-web-csc\/10000024\/<\/a><br \/>\nLa saisie de ces donn\u00e9es est une condition pr\u00e9alable \u00e0 l&rsquo;utilisation du jeu. Votre adresse e-mail fait ici office de nom d&rsquo;utilisateur. Nous en avons besoin pour pouvoir vous identifier sans ambigu\u00eft\u00e9 et mettre \u00e0 votre disposition la configuration de jeu et du syst\u00e8me qui vous est adapt\u00e9e. Dans le m\u00eame temps, il est n\u00e9cessaire de saisir une adresse e-mail valide au cas o\u00f9 la r\u00e9initialisation du mot de passe s&rsquo;av\u00e9rerait n\u00e9cessaire. La saisie de donn\u00e9es suppl\u00e9mentaires est facultative mais nous aide \u00e0 v\u00e9rifier vos donn\u00e9es et \u00e0 vous identifier lorsque vous avez par exemple des questions sur le jeu et souhaitez faire appel \u00e0 notre service client.<\/p>\n<p>Si vous nous donnez de plus votre accord d&rsquo;\u00eatre inform\u00e9 de nos nouvelles offres, il est d&rsquo;abord n\u00e9cessaire de reconfirmer l&rsquo;adresse e-mail que vous avez saisie ou votre accord. A cet effet, cliquez tout simplement sur le lien correspondant qui vous est envoy\u00e9 \u00e0 votre adresse mail apr\u00e8s avoir cliqu\u00e9 sur cette option.<br \/>\nSproing Publishing GmbH enregistre les donn\u00e9es d&rsquo;utilisation g\u00e9n\u00e9rales suivantes.<br \/>\n\u2022 Identifiant anonyme de l&rsquo;utilisateur au sein du jeu<br \/>\n\u2022 Nom de l&rsquo;utilisateur pour chaque jeu<br \/>\n\u2022 Identificateur du pays et de la langue<br \/>\n\u2022 Adresse IP (pour la localisation de la langue)<\/p>\n<p>Donn\u00e9es de transaction:<br \/>\nLes donn\u00e9es de transaction sont toutes les informations n\u00e9cessaires \u00e0 la comptabilisation d&rsquo;un ordre de paiement et ne sont pas recueillies par le prestataire de services de paiement. Sproing Publishing GmbH enregistre les donn\u00e9es de transaction g\u00e9n\u00e9rales suivantes pour chaque achat:<br \/>\n\u2022 Identifiant de la transaction<br \/>\n\u2022 D\u00e9roulement de la transaction<br \/>\n\u2022 Valeur de la transaction (devise du jeu)<br \/>\n\u2022 Description du produit<br \/>\n\u2022 Date de la transaction<br \/>\n\u2022 Date de la derni\u00e8re modification apport\u00e9e \u00e0 la transaction<br \/>\n\u2022 Mode de paiement utilis\u00e9<br \/>\n\u2022 Taux de TVA<br \/>\n\u2022 Devise<br \/>\n\u2022 Code pays<\/p>\n<p>Donn\u00e9es de tiers:<br \/>\nIl s&rsquo;agit ici de donn\u00e9es que des tiers mettent \u00e0 notre disposition pendant la dur\u00e9e de la session \u00e0 des fins d&rsquo;authentification. Il s&rsquo;agit uniquement de l&rsquo;identit\u00e9 de l&rsquo;utilisateur. La combinaison identifiant et mot de passe reste chez le fournisseur en question. Parmi ces fournisseurs tiers figurent notamment:<br \/>\n\u2022 Facebook<br \/>\n\u2022 Yahoo<br \/>\n\u2022 Windows Live<br \/>\n\u2022 Google+<br \/>\n\u2022 PayPal<\/p>\n<h2>2 Mode de paiement<\/h2>\n<p>Pour le paiement effectu\u00e9 au moyen des modes de paiement propos\u00e9s, nous travaillons avec les soci\u00e9t\u00e9s suivantes:<\/p>\n<p><strong>Paiement par t\u00e9l\u00e9chargement d&rsquo;une carte cadeau<\/strong><br \/>\nDeutsche Telekom AG<br \/>\nT-Online-Allee 1<br \/>\n64295 Darmstadt<br \/>\nAllemagne<\/p>\n<p><strong>Paiement par virement en ligne<\/strong><br \/>\nDeutsche Telekom AG<br \/>\nT-Online-Allee 1<br \/>\n64295 Darmstadt<br \/>\nAllemagne<\/p>\n<p><strong>Paiement par facture t\u00e9l\u00e9phonique<\/strong><br \/>\nDans le cas d&rsquo;un paiement par facture t\u00e9l\u00e9phonique, vous avez besoin de votre adresse e-mail t-online.de et de votre mot de passe.<br \/>\nTelekom Deutschland GmbH<br \/>\nLandgrabenweg 151<br \/>\n53227 Bonn<br \/>\nAllemagne<\/p>\n<p><strong>Paiement par ClickandBuy<\/strong><br \/>\nClickandBuy International Limited<br \/>\nLincoln House<br \/>\n137\/143 Hammersmith Road<br \/>\nLondon W14 0QL<br \/>\nGrande-Bretagne<\/p>\n<p><strong>Paiement par PayPal<\/strong><br \/>\nPayPal Europe<br \/>\n5e \u00c9tage<br \/>\n22-24 Boulevard Royal<br \/>\nL-2449, Luxembourg<br \/>\nLuxembourg<\/p>\n<p><strong>Paiement par t\u00e9l\u00e9phone portable<\/strong><br \/>\nRemarques particuli\u00e8res pour toute transaction effectu\u00e9e au moyen du \u00abPaiement par t\u00e9l\u00e9phone portable\/MPASS\u00bb: Pour la mise en ouvre et l&rsquo;ex\u00e9cution du contrat que vous avez conclu, l&rsquo;enregistrement du num\u00e9ro de portable (MSISDN) indiqu\u00e9 pendant la transaction est n\u00e9cessaire.<br \/>\nMobile Business Engine GmbH<br \/>\nChausseestrasse 5<br \/>\n10115 Berlin-Mitte<br \/>\nAllemagne<\/p>\n<p><strong>Paiement par carte de cr\u00e9dit<\/strong><br \/>\nPayment Service Provider<br \/>\nEOS Payment Solutions GmbH &amp; Co. KG<br \/>\nSteindamm 80<br \/>\n20099 Hambourg<br \/>\nAllemagne<\/p>\n<p>Visa und Mastercard Kreditkartenacquirer<br \/>\nConCardis GmbH<br \/>\nSolmsstra\u00dfe 4<br \/>\n60486 Francfort-sur-le-Main<br \/>\nAllemagne<\/p>\n<p><strong>Achat r\u00e9p\u00e9t\u00e9<\/strong><br \/>\nNous vous proposons \u00e9galement de vous enregistrer pour un paiement plus rapide et plus pratique. Pour b\u00e9n\u00e9ficier de cette option, vous pouvez vous enregistrer \u00e0 l&rsquo;issue de la proc\u00e9dure de paiement. Nous offrons cette possibilit\u00e9 pour les proc\u00e9dures de paiement par carte de cr\u00e9dit, PayPal, ClickandBuy, virement en ligne, t\u00e9l\u00e9phone portable (Deutsche Telekom). Les donn\u00e9es relatives \u00e0 votre paiement ne sont enregistr\u00e9es qu&rsquo;aupr\u00e8s des prestataires de service de paiement concern\u00e9s. \u00c0 tout moment, vous avez la possibilit\u00e9 de vous d\u00e9sabonner de ce processus en le supprimant de votre espace personnel (My Login\/Mon compte). Pour les modes de paiement PayPal et ClickandBuy, vous pouvez aussi r\u00e9silier l&rsquo;autorisation directement aupr\u00e8s de ces prestataires.<\/p>\n<h2>3 Cookies<\/h2>\n<p>Nos sites Internet et les contenus de jeu propos\u00e9s utilisent aussi bien des cookies de session, qui sont supprim\u00e9s \u00e0 la fermeture du navigateur, que des cookies enregistr\u00e9s durablement sur votre ordinateur. Les cookies sont de petits fichiers texte permettant d&rsquo;\u00e9changer des donn\u00e9es entre des programmes d&rsquo;ordinateur ou d&rsquo;archiver des informations. Les cookies de nos sites Internet ne recueillent aucune donn\u00e9e personnelle \u00e0 votre sujet. Vous pouvez \u00e9viter l&rsquo;installation des cookies en proc\u00e9dant au param\u00e9trage correspondant dans le logiciel de votre navigateur. Nous vous signalons cependant que dans ce cas vous ne pourrez pas forc\u00e9ment utiliser la totalit\u00e9 des fonctionnalit\u00e9s de ces sites Internet. Nous cr\u00e9ons des profils d&rsquo;utilisation \u00e0 des fins de publicit\u00e9 et d&rsquo;\u00e9tude de march\u00e9, affect\u00e9s \u00e0 des pseudonymes, ne permettant pas de remonter jusqu&rsquo;\u00e0 vous. A tout moment, vous avez la possibilit\u00e9 de vous opposer \u00e0 cette utilisation au moyen d&rsquo;une fonction \u00abOpt out\u00bb. Vous trouverez plus d&rsquo;informations sur l&rsquo;utilisation des diff\u00e9rentes fonctions \u00abOpt out\u00bb dans les paragraphes suivants.<\/p>\n<h2>4 Proc\u00e9d\u00e9 de mesure statistique<\/h2>\n<p><strong>HoneyTracks Games Analytics<\/strong><br \/>\nDans le cadre d&rsquo;une am\u00e9lioration continue de la qualit\u00e9 et pour garantir une correspondance \u00e9lev\u00e9e entre les contenus de jeu offerts et les int\u00e9r\u00eats du visiteur, nous avons recours aux proc\u00e9d\u00e9s d&rsquo;analyse d&rsquo;HoneyTracks GmbH (Grafinger Str. 6, 81671 Munich, Allemagne) pour la collecte de statistiques au sein d&rsquo;un jeu. Des donn\u00e9es telles que l&rsquo;adresse IP et le type de navigateur utilis\u00e9 y sont enregistr\u00e9es par un prestataire de services externe. Les serveurs du prestataire de services se trouvent dans les \u00c9tats membres de l&rsquo;UE. Lors de ce processus, les donn\u00e9es sont, d\u00e8s leur collecte, rendues anonymes et \u00e9valu\u00e9es sous forme agr\u00e9g\u00e9e. Nous n&rsquo;avons aucune influence sur le temps durant lequel les informations restent enregistr\u00e9es chez HoneyTracks. Vous avez la possibilit\u00e9 d&rsquo;annuler la collecte de donn\u00e9es au sein d&rsquo;un jeu en nous interdisant express\u00e9ment l&rsquo;enregistrement de donn\u00e9es. Veuillez nous communiquer \u00e0 cet effet votre opposition \u00e0 l&rsquo;enregistrement de donn\u00e9es par \u00e9crit en pr\u00e9cisant votre identifiant utilisateur (adresse e-mail) \u00e0 l&rsquo;adresse suivante:<\/p>\n<p>Alexander Hendler<br \/>\nSproing Interactive Media GmbH<br \/>\nFernkorngasse 10<br \/>\n1100 Vienne<br \/>\nAutriche<\/p>\n<p>Veuillez noter qu&rsquo;une utilisation de nos offres de jeu n&rsquo;est plus possible apr\u00e8s la prise en compte de votre opposition et que votre compte de jeu est bloqu\u00e9.<\/p>\n<h2>5 Donn\u00e9es facultatives et contact<\/h2>\n<p>Lorsque vous nous envoyez une question, nous recevons des donn\u00e9es de votre part nous permettant de traiter votre demande. L&rsquo;utilisation de ces donn\u00e9es est facultative et ne s&rsquo;effectue que dans la limite du n\u00e9cessaire ou selon votre accord pr\u00e9alable. Nous avons charg\u00e9 la soci\u00e9t\u00e9 Edelmann Interactive GmbH, Kirchgasse 2, 97299 Zell, Allemagne (http:\/\/www.edelmann-interactive.com\/)de prendre en charge la mise \u00e0 disposition de ce service. Ces donn\u00e9es sont enregistr\u00e9es sur des serveurs situ\u00e9s en R\u00e9publique f\u00e9d\u00e9rale d&rsquo;Allemagne.<\/p>\n<h2>6 Modification, blocage et suppression de donn\u00e9es<\/h2>\n<p>Vous avez la possibilit\u00e9 de consulter toutes vos donn\u00e9es client dans votre espace personnel. Pour toute demande concr\u00e8te de blocage ou de suppression de vos donn\u00e9es personnelles, veuillez-vous adresser au service client du jeu en question en indiquant votre identifiant utilisateur (adresse e-mail). Vous trouverez notamment les coordonn\u00e9es n\u00e9cessaires (adresse e-mail) dans les mentions l\u00e9gales de chaque jeu. Veuillez noter qu&rsquo;une suppression de donn\u00e9es ne peut toutefois \u00eatre effectu\u00e9e qu&rsquo;apr\u00e8s avoir pu mettre un terme \u00e0 l&rsquo;ensemble des devoirs contractuels en cours. Au lieu d&rsquo;\u00eatre supprim\u00e9es, les donn\u00e9es sont pr\u00e9alablement bloqu\u00e9es. Autrement dit, les donn\u00e9es sont exclues de toute utilisation ult\u00e9rieure. Veuillez \u00e9galement noter que les contenus que vous avez acquis ne sont alors plus disponibles. Pour prot\u00e9ger les donn\u00e9es personnelles que nous maintenons \u00e0 disposition contre tout acc\u00e8s non autoris\u00e9 ou toute violation, nous avons pris d&rsquo;importantes mesures de s\u00e9curit\u00e9 techniques et commerciales.<\/p>\n<h2>7 Communication \u00e0 des tiers<\/h2>\n<p>La communication de donn\u00e9es personnelles \u00e0 un tiers ne s&rsquo;effectue qu&rsquo;apr\u00e8s accord expr\u00e8s pr\u00e9alable de la personne concern\u00e9e. Notre partenaire contractuel est tenu, par le biais de notre contrat, de traiter vos donn\u00e9es personnelles en toute confidentialit\u00e9 et conform\u00e9ment aux r\u00e8glements pr\u00e9vus par la loi. Les donn\u00e9es personnelles ne sont par ailleurs pas transmises \u00e0 des tiers, except\u00e9 certaines instances publiques, si la l\u00e9gislation le pr\u00e9voit. En outre, selon l&rsquo;article 18 paragraphe 4 de la loi relative au commerce \u00e9lectronique, nous sommes tenus de fournir le nom et l&rsquo;adresse d&rsquo;un utilisateur \u00e0 la demande d&rsquo;un tiers, dans la mesure o\u00f9 ce dernier justifie de l&rsquo;int\u00e9r\u00eat juridique pr\u00e9pond\u00e9rant de l&rsquo;\u00e9tablissement de l&rsquo;identit\u00e9 de l&rsquo;utilisateur et d&rsquo;un contenu ill\u00e9gal particulier, et d\u00e9montre que la connaissance de ces informations est une condition essentielle aux poursuites juridiques.<\/p>\n<h2>8 Conseil, information et \u00e9tude de march\u00e9<\/h2>\n<p>Lors de votre inscription, vous avez la possibilit\u00e9 de nous autoriser \u00e0 utiliser vos donn\u00e9es personnelles \u00e0 des fins de marketing. Si vous nous faites part d&rsquo;un tel accord, vous obtenez des informations publicitaires de notre part. Vous avez \u00e0 tout moment la possibilit\u00e9 d&rsquo;annuler une telle utilisation.<\/p>\n<h2>9 Renseignement selon l&rsquo;article 26 de la loi f\u00e9d\u00e9rale de protection des donn\u00e9es (Datenschutzgesetz 2000)<\/h2>\n<p>Bien \u00e9videmment, nous vous communiquons les donn\u00e9es que nous avons enregistr\u00e9es \u00e0 votre sujet. Pour des raisons d&rsquo;identification et pour la protection contre la violation des donn\u00e9es, nous ne pouvons vous donner ces renseignements par t\u00e9l\u00e9phone. Ces renseignements sont communiqu\u00e9s par \u00e9crit, par courrier ou par e-mail.<\/p>\n<h2>10 Interlocuteur<\/h2>\n<p>Pour toute question \u00e0 propos de la protection des donn\u00e9es au sein de la soci\u00e9t\u00e9 Sproing Publishing GmbH, vous pouvez envoyer vos demandes ou suggestions par \u00e9crit \u00e0 l&rsquo;adresse suivante:<\/p>\n<p>Sproing Publishing GmbH<br \/>\nFernkorngasse 10<br \/>\n1100 Vienne<br \/>\nAutriche<\/p>\n<p>Pour prot\u00e9ger les donn\u00e9es personnelles que nous maintenons \u00e0 disposition contre tout acc\u00e8s non autoris\u00e9 ou toute violation, nous avons pris d&rsquo;importantes mesures de s\u00e9curit\u00e9 techniques et commerciales. Si une diff\u00e9rence devait \u00eatre constat\u00e9e entre la version allemande et une autre version de la pr\u00e9sente d\u00e9claration sur la protection des donn\u00e9es, la version allemande fait foi.<\/p>\n<p>Sproing Publishing GmbH<\/p>\n<p><em>Sproing Publishing GmbH, Situation au 29.04.2014 La pr\u00e9sente traduction n\u2019est pas le texte authentique. Seule la version allemande sera \u00e9l\u00e9ment constitutif du contrat.<\/em><\/p>\n","protected":false},"excerpt":{"rendered":"<p>Sproing Publishing GmbH (Fernkorngasse 10, 1100 Vienne) se f\u00e9licite de votre visite sur ce site Internet. L&rsquo;ensemble du Sproing Publishing [&hellip;]<\/p>\n","protected":false},"author":23,"featured_media":0,"parent":0,"menu_order":0,"comment_status":"closed","ping_status":"closed","template":"","meta":{"ngg_post_thumbnail":0},"acf":[],"yoast_head":"<!-- This site is optimized with the Yoast SEO plugin v19.3 - https:\/\/yoast.com\/wordpress\/plugins\/seo\/ -->\n<title>D\u00e9claration sur la protection des donn\u00e9es dans le cadre de l&#039;utilisation de nos offres de jeux et de la consultation des pages Internet correspondantes - Asterix &amp; Friends - Official Website<\/title>\n<meta name=\"robots\" content=\"index, follow, max-snippet:-1, max-image-preview:large, max-video-preview:-1\" \/>\n<link rel=\"canonical\" href=\"https:\/\/www.asterix-friends.com\/fr\/declaration-sur-la-protection-sproing\/\" \/>\n<meta name=\"twitter:label1\" content=\"Dur\u00e9e de lecture estim\u00e9e\" \/>\n\t<meta name=\"twitter:data1\" content=\"11 minutes\" \/>\n<script type=\"application\/ld+json\" class=\"yoast-schema-graph\">{\"@context\":\"https:\/\/schema.org\",\"@graph\":[{\"@type\":\"WebSite\",\"@id\":\"https:\/\/www.asterix-friends.com\/de\/#website\",\"url\":\"https:\/\/www.asterix-friends.com\/de\/\",\"name\":\"Asterix &amp; Friends - Official Website\",\"description\":\"Asterix &amp; Friends - the official Online and Mobile Game\",\"potentialAction\":[{\"@type\":\"SearchAction\",\"target\":{\"@type\":\"EntryPoint\",\"urlTemplate\":\"https:\/\/www.asterix-friends.com\/de\/?s={search_term_string}\"},\"query-input\":\"required name=search_term_string\"}],\"inLanguage\":\"fr-FR\"},{\"@type\":\"WebPage\",\"@id\":\"https:\/\/www.asterix-friends.com\/fr\/declaration-sur-la-protection-sproing\/\",\"url\":\"https:\/\/www.asterix-friends.com\/fr\/declaration-sur-la-protection-sproing\/\",\"name\":\"D\u00e9claration sur la protection des donn\u00e9es dans le cadre de l'utilisation de nos offres de jeux et de la consultation des pages Internet correspondantes - Asterix &amp; Friends - Official Website\",\"isPartOf\":{\"@id\":\"https:\/\/www.asterix-friends.com\/de\/#website\"},\"datePublished\":\"2014-05-04T23:22:12+00:00\",\"dateModified\":\"2014-05-04T23:22:12+00:00\",\"breadcrumb\":{\"@id\":\"https:\/\/www.asterix-friends.com\/fr\/declaration-sur-la-protection-sproing\/#breadcrumb\"},\"inLanguage\":\"fr-FR\",\"potentialAction\":[{\"@type\":\"ReadAction\",\"target\":[\"https:\/\/www.asterix-friends.com\/fr\/declaration-sur-la-protection-sproing\/\"]}]},{\"@type\":\"BreadcrumbList\",\"@id\":\"https:\/\/www.asterix-friends.com\/fr\/declaration-sur-la-protection-sproing\/#breadcrumb\",\"itemListElement\":[{\"@type\":\"ListItem\",\"position\":1,\"name\":\"Home\",\"item\":\"https:\/\/www.asterix-friends.com\/fr\/\"},{\"@type\":\"ListItem\",\"position\":2,\"name\":\"D\u00e9claration sur la protection des donn\u00e9es dans le cadre de l&rsquo;utilisation de nos offres de jeux et de la consultation des pages Internet correspondantes\"}]}]}<\/script>\n<!-- \/ Yoast SEO plugin. -->","yoast_head_json":{"title":"D\u00e9claration sur la protection des donn\u00e9es dans le cadre de l'utilisation de nos offres de jeux et de la consultation des pages Internet correspondantes - Asterix &amp; Friends - Official Website","robots":{"index":"index","follow":"follow","max-snippet":"max-snippet:-1","max-image-preview":"max-image-preview:large","max-video-preview":"max-video-preview:-1"},"canonical":"https:\/\/www.asterix-friends.com\/fr\/declaration-sur-la-protection-sproing\/","twitter_misc":{"Dur\u00e9e de lecture estim\u00e9e":"11 minutes"},"schema":{"@context":"https:\/\/schema.org","@graph":[{"@type":"WebSite","@id":"https:\/\/www.asterix-friends.com\/de\/#website","url":"https:\/\/www.asterix-friends.com\/de\/","name":"Asterix &amp; Friends - Official Website","description":"Asterix &amp; Friends - the official Online and Mobile Game","potentialAction":[{"@type":"SearchAction","target":{"@type":"EntryPoint","urlTemplate":"https:\/\/www.asterix-friends.com\/de\/?s={search_term_string}"},"query-input":"required name=search_term_string"}],"inLanguage":"fr-FR"},{"@type":"WebPage","@id":"https:\/\/www.asterix-friends.com\/fr\/declaration-sur-la-protection-sproing\/","url":"https:\/\/www.asterix-friends.com\/fr\/declaration-sur-la-protection-sproing\/","name":"D\u00e9claration sur la protection des donn\u00e9es dans le cadre de l'utilisation de nos offres de jeux et de la consultation des pages Internet correspondantes - Asterix &amp; Friends - Official Website","isPartOf":{"@id":"https:\/\/www.asterix-friends.com\/de\/#website"},"datePublished":"2014-05-04T23:22:12+00:00","dateModified":"2014-05-04T23:22:12+00:00","breadcrumb":{"@id":"https:\/\/www.asterix-friends.com\/fr\/declaration-sur-la-protection-sproing\/#breadcrumb"},"inLanguage":"fr-FR","potentialAction":[{"@type":"ReadAction","target":["https:\/\/www.asterix-friends.com\/fr\/declaration-sur-la-protection-sproing\/"]}]},{"@type":"BreadcrumbList","@id":"https:\/\/www.asterix-friends.com\/fr\/declaration-sur-la-protection-sproing\/#breadcrumb","itemListElement":[{"@type":"ListItem","position":1,"name":"Home","item":"https:\/\/www.asterix-friends.com\/fr\/"},{"@type":"ListItem","position":2,"name":"D\u00e9claration sur la protection des donn\u00e9es dans le cadre de l&rsquo;utilisation de nos offres de jeux et de la consultation des pages Internet correspondantes"}]}]}},"_links":{"self":[{"href":"https:\/\/www.asterix-friends.com\/fr\/wp-json\/wp\/v2\/pages\/2142"}],"collection":[{"href":"https:\/\/www.asterix-friends.com\/fr\/wp-json\/wp\/v2\/pages"}],"about":[{"href":"https:\/\/www.asterix-friends.com\/fr\/wp-json\/wp\/v2\/types\/page"}],"author":[{"embeddable":true,"href":"https:\/\/www.asterix-friends.com\/fr\/wp-json\/wp\/v2\/users\/23"}],"replies":[{"embeddable":true,"href":"https:\/\/www.asterix-friends.com\/fr\/wp-json\/wp\/v2\/comments?post=2142"}],"version-history":[{"count":4,"href":"https:\/\/www.asterix-friends.com\/fr\/wp-json\/wp\/v2\/pages\/2142\/revisions"}],"predecessor-version":[{"id":2204,"href":"https:\/\/www.asterix-friends.com\/fr\/wp-json\/wp\/v2\/pages\/2142\/revisions\/2204"}],"wp:attachment":[{"href":"https:\/\/www.asterix-friends.com\/fr\/wp-json\/wp\/v2\/media?parent=2142"}],"curies":[{"name":"wp","href":"https:\/\/api.w.org\/{rel}","templated":true}]}}