{"id":2040,"date":"2014-04-01T10:38:34","date_gmt":"2014-04-01T08:38:34","guid":{"rendered":"https:\/\/www.asterix-friends.com\/?page_id=2040"},"modified":"2020-03-17T12:38:24","modified_gmt":"2020-03-17T10:38:24","slug":"regles-du-chat","status":"publish","type":"page","link":"https:\/\/www.asterix-friends.com\/fr\/regles-du-chat\/","title":{"rendered":"R\u00e8gles du chat"},"content":{"rendered":"<h1>R\u00e8gles du chat<\/h1>\n<p>Dans le cadre du jeu Ast\u00e9rix et ses Amis, gameXcite GmbH met \u00e0 disposition divers outils permettant aux joueurs de communiquer entre eux. Afin que nous puissions proposer un environnement attractif, s\u00fbr et l\u00e9galement prot\u00e9g\u00e9 \u00e0 tous les joueurs, nous avons mis au point des principes pour l&rsquo;enregistrement et la sollicitation des chats in-game et des messages:<\/p>\n<p>gameXcite GmbH est habilit\u00e9e aussi bien \u00e0 enregistrer les chats in-game et autres messages que l&rsquo;utilisateur envoie ou re\u00e7oit qu&rsquo;\u00e0 v\u00e9rifier si ces chats in-game et autres messages contiennent d&rsquo;\u00e9ventuelles violations du droit en vigueur, des Conditions d&rsquo;utilisation, des Conditions g\u00e9n\u00e9rales ou des r\u00e8gles du forum et de la N\u00e9tiquette. gameXcite GmbH utilise les enregistrements de chats du jeu uniquement \u00e0 des fins de recherche des dites violations et de recourt \u00e9ventuel \u00e0 des mesures n\u00e9cessaires telles que, par exemple, l&rsquo;avertissement de l&rsquo;utilisateur ou le blocage du compte d&rsquo;utilisateur.<\/p>\n<p>En confirmant ces r\u00e8gles de chat, l&rsquo;utilisateur consent explicitement \u00e0 l&rsquo;enregistrement des chats in-game pour une dur\u00e9e limit\u00e9e de quatre semaines et accepte toutes les r\u00e9glementations du chat. Le consentement de l&rsquo;utilisation de donn\u00e9es personnelles de l&rsquo;utilisateur peut \u00eatre r\u00e9voqu\u00e9 \u00e0 tout moment.<\/p>\n<p><strong>Veuillez noter qu&rsquo;une utilisation de nos offres de jeu n&rsquo;est plus possible apr\u00e8s la prise en compte de votre opposition et que votre compte de jeu est bloqu\u00e9 !<\/strong><\/p>\n","protected":false},"excerpt":{"rendered":"<p>R\u00e8gles du chat Dans le cadre du jeu Ast\u00e9rix et ses Amis, gameXcite GmbH met \u00e0 disposition divers outils permettant [&hellip;]<\/p>\n","protected":false},"author":23,"featured_media":0,"parent":0,"menu_order":0,"comment_status":"closed","ping_status":"closed","template":"","meta":{"ngg_post_thumbnail":0},"acf":[],"yoast_head":"<!-- This site is optimized with the Yoast SEO plugin v19.3 - https:\/\/yoast.com\/wordpress\/plugins\/seo\/ -->\n<title>R\u00e8gles du chat - Asterix &amp; Friends - Official Website<\/title>\n<meta name=\"robots\" content=\"index, follow, max-snippet:-1, max-image-preview:large, max-video-preview:-1\" \/>\n<link rel=\"canonical\" href=\"https:\/\/www.asterix-friends.com\/fr\/regles-du-chat\/\" \/>\n<meta name=\"twitter:label1\" content=\"Dur\u00e9e de lecture estim\u00e9e\" \/>\n\t<meta name=\"twitter:data1\" content=\"1 minute\" \/>\n<script type=\"application\/ld+json\" class=\"yoast-schema-graph\">{\"@context\":\"https:\/\/schema.org\",\"@graph\":[{\"@type\":\"WebSite\",\"@id\":\"https:\/\/www.asterix-friends.com\/de\/#website\",\"url\":\"https:\/\/www.asterix-friends.com\/de\/\",\"name\":\"Asterix &amp; Friends - Official Website\",\"description\":\"Asterix &amp; Friends - the official Online and Mobile Game\",\"potentialAction\":[{\"@type\":\"SearchAction\",\"target\":{\"@type\":\"EntryPoint\",\"urlTemplate\":\"https:\/\/www.asterix-friends.com\/de\/?s={search_term_string}\"},\"query-input\":\"required name=search_term_string\"}],\"inLanguage\":\"fr-FR\"},{\"@type\":\"WebPage\",\"@id\":\"https:\/\/www.asterix-friends.com\/fr\/regles-du-chat\/\",\"url\":\"https:\/\/www.asterix-friends.com\/fr\/regles-du-chat\/\",\"name\":\"R\u00e8gles du chat - Asterix &amp; Friends - Official Website\",\"isPartOf\":{\"@id\":\"https:\/\/www.asterix-friends.com\/de\/#website\"},\"datePublished\":\"2014-04-01T08:38:34+00:00\",\"dateModified\":\"2020-03-17T10:38:24+00:00\",\"breadcrumb\":{\"@id\":\"https:\/\/www.asterix-friends.com\/fr\/regles-du-chat\/#breadcrumb\"},\"inLanguage\":\"fr-FR\",\"potentialAction\":[{\"@type\":\"ReadAction\",\"target\":[\"https:\/\/www.asterix-friends.com\/fr\/regles-du-chat\/\"]}]},{\"@type\":\"BreadcrumbList\",\"@id\":\"https:\/\/www.asterix-friends.com\/fr\/regles-du-chat\/#breadcrumb\",\"itemListElement\":[{\"@type\":\"ListItem\",\"position\":1,\"name\":\"Home\",\"item\":\"https:\/\/www.asterix-friends.com\/fr\/\"},{\"@type\":\"ListItem\",\"position\":2,\"name\":\"R\u00e8gles du chat\"}]}]}<\/script>\n<!-- \/ Yoast SEO plugin. -->","yoast_head_json":{"title":"R\u00e8gles du chat - Asterix &amp; Friends - Official Website","robots":{"index":"index","follow":"follow","max-snippet":"max-snippet:-1","max-image-preview":"max-image-preview:large","max-video-preview":"max-video-preview:-1"},"canonical":"https:\/\/www.asterix-friends.com\/fr\/regles-du-chat\/","twitter_misc":{"Dur\u00e9e de lecture estim\u00e9e":"1 minute"},"schema":{"@context":"https:\/\/schema.org","@graph":[{"@type":"WebSite","@id":"https:\/\/www.asterix-friends.com\/de\/#website","url":"https:\/\/www.asterix-friends.com\/de\/","name":"Asterix &amp; Friends - Official Website","description":"Asterix &amp; Friends - the official Online and Mobile Game","potentialAction":[{"@type":"SearchAction","target":{"@type":"EntryPoint","urlTemplate":"https:\/\/www.asterix-friends.com\/de\/?s={search_term_string}"},"query-input":"required name=search_term_string"}],"inLanguage":"fr-FR"},{"@type":"WebPage","@id":"https:\/\/www.asterix-friends.com\/fr\/regles-du-chat\/","url":"https:\/\/www.asterix-friends.com\/fr\/regles-du-chat\/","name":"R\u00e8gles du chat - Asterix &amp; Friends - Official Website","isPartOf":{"@id":"https:\/\/www.asterix-friends.com\/de\/#website"},"datePublished":"2014-04-01T08:38:34+00:00","dateModified":"2020-03-17T10:38:24+00:00","breadcrumb":{"@id":"https:\/\/www.asterix-friends.com\/fr\/regles-du-chat\/#breadcrumb"},"inLanguage":"fr-FR","potentialAction":[{"@type":"ReadAction","target":["https:\/\/www.asterix-friends.com\/fr\/regles-du-chat\/"]}]},{"@type":"BreadcrumbList","@id":"https:\/\/www.asterix-friends.com\/fr\/regles-du-chat\/#breadcrumb","itemListElement":[{"@type":"ListItem","position":1,"name":"Home","item":"https:\/\/www.asterix-friends.com\/fr\/"},{"@type":"ListItem","position":2,"name":"R\u00e8gles du chat"}]}]}},"_links":{"self":[{"href":"https:\/\/www.asterix-friends.com\/fr\/wp-json\/wp\/v2\/pages\/2040"}],"collection":[{"href":"https:\/\/www.asterix-friends.com\/fr\/wp-json\/wp\/v2\/pages"}],"about":[{"href":"https:\/\/www.asterix-friends.com\/fr\/wp-json\/wp\/v2\/types\/page"}],"author":[{"embeddable":true,"href":"https:\/\/www.asterix-friends.com\/fr\/wp-json\/wp\/v2\/users\/23"}],"replies":[{"embeddable":true,"href":"https:\/\/www.asterix-friends.com\/fr\/wp-json\/wp\/v2\/comments?post=2040"}],"version-history":[{"count":7,"href":"https:\/\/www.asterix-friends.com\/fr\/wp-json\/wp\/v2\/pages\/2040\/revisions"}],"predecessor-version":[{"id":3489,"href":"https:\/\/www.asterix-friends.com\/fr\/wp-json\/wp\/v2\/pages\/2040\/revisions\/3489"}],"wp:attachment":[{"href":"https:\/\/www.asterix-friends.com\/fr\/wp-json\/wp\/v2\/media?parent=2040"}],"curies":[{"name":"wp","href":"https:\/\/api.w.org\/{rel}","templated":true}]}}