{"id":186,"date":"2013-04-02T12:33:26","date_gmt":"2013-04-02T10:33:26","guid":{"rendered":"https:\/\/www.asterix-friends.com\/?page_id=186"},"modified":"2023-09-25T15:49:44","modified_gmt":"2023-09-25T13:49:44","slug":"conditions-dutilisation","status":"publish","type":"page","link":"https:\/\/www.asterix-friends.com\/fr\/conditions-dutilisation\/","title":{"rendered":"Conditions d&rsquo;utilisation"},"content":{"rendered":"<h1>Conditions d&rsquo;utilisation<\/h1>\n<h2>Ast\u00e9rix &amp; ses amis<\/h2>\n<p>gameXcite GmbH (nomm\u00e9 ci-dessous \u00ab gameXcite \u00bb), Oeverseestra\u00dfe 10-12, 22769 Hamburg, est l\u2019editeur du jeu \u00ab Ast\u00e9rix &amp; ses amis \u00bb. Ces Conditions d&rsquo;utilisation d\u00e9finissent les relations impliqu\u00e9es par le contrat de service entre l\u2019utilisateur et gameXcite. Les termes et conditions g\u00e9n\u00e9rales de gameXcite restent effectifs, sauf en cas de mention contraire stipul\u00e9e dans un arrangement s\u00e9par\u00e9 ou dans les pr\u00e9sentes conditions d\u2019utilisation.<br \/>\ngameXcite ne peut assurer la fonctionnalit\u00e9 totale et sans incidents des services de ce produit durant l&rsquo;int\u00e9gralit\u00e9 de la dur\u00e9e du contrat.<\/p>\n<p><strong>DROITS ET OBLIGATIONS<\/strong><br \/>\nToute communication ou mat\u00e9riel que l\u2019utilisateur du service envoie \u00e0 gameXcite ou poste sur le site via des e-mails ou d&rsquo;autres moyens, contenant donn\u00e9es, questions, commentaires, suggestions, sera trait\u00e9 comme non confidentiel et propri\u00e9t\u00e9 de gameXcite et\/ou Les \u00c9ditions Albert Ren\u00e9, 26 avenue Victor Hugo, 75116 Paris (France) (nomm\u00e9es ci-dessous \u00ab LEAR \u00bb). Tout ce que l\u2019utilisateur transmet ou poste peut \u00eatre utilis\u00e9 par gameXcite et\/ou LEAR pour divers buts incluant mais n&rsquo;\u00e9tant pas limit\u00e9s \u00e0 la reproduction, divulgation, transmission, publication, diffusion et l&rsquo;affichage. gameXcite peut, \u00e0 sa seule discr\u00e9tion, retirer ou modifier n&rsquo;importe quel contenu qui semble ill\u00e9gal ou contraire aux normes morales acceptables ou, d&rsquo;une autre mani\u00e8re, \u00e0 ces Conditions d&rsquo;utilisation. L\u2019utilisateur se doit de respecter les droits d&rsquo;auteur, marques commerciales, brevets et protections des noms nationaux et internationaux ainsi que les autres droits industriels et personnels de gameXcite, LEAR et de tiers. En cas de non respect de ces conditions d&rsquo;utilisation, gameXcite se r\u00e9serve le droit d&rsquo;interdire l&rsquo;acc\u00e8s au service.<\/p>\n<p>De plus, gameXcite et\/ou LEAR se r\u00e9servent le droit d&rsquo;utiliser n&rsquo;importe quelle id\u00e9e, concept, savoir-faire ou technique contenu dans les communications que l\u2019utilisateur envoie \u00e0 gameXcite ou poste sur le site dans n&rsquo;importe quel but, incluant mais n&rsquo;\u00e9tant pas limit\u00e9 au d\u00e9veloppement, \u00e0 la production et aux produits marketing utilisant ce genre d&rsquo;information, sans qu\u2019il soit besoin d\u2019obtenir la permission de l\u2019utilisateur ni de lui verser une compensation quelconque.<\/p>\n<p>Enfin, l&rsquo;utilisateur reconnait que LEAR est le propri\u00e9taire du nom d&rsquo;utilisateur ayant \u00e9t\u00e9 assign\u00e9 pour l&rsquo;usage du jeu par navigateur Ast\u00e9rix &amp; ses amis et que LEAR peut l\u2019utiliser dans le but de cr\u00e9er de nouveaux personnages et contenus dans tous les produits de la franchise Ast\u00e9rix sans restrictions, permissions et sans verser de compensation.<\/p>\n<p><strong>En outre, l\u2019utilisateur accepte le code d&rsquo;usage de la licence Ast\u00e9rix :<\/strong><br \/>\n<strong> Interdictions g\u00e9n\u00e9rales<\/strong><br \/>\n\u2022 La marque Ast\u00e9rix et ses personnages ne doivent pas \u00eatre associ\u00e9s aux produits suivants : tabac, alcool, jeux d&rsquo;argent, politique, sexe, drogues, m\u00e9dicaments ou stimulants de toutes sortes.<br \/>\n\u2022 Quand les personnages sont sortis du contexte des albums, ils doivent conserver leur propre caract\u00e8re. Cela signifie qu&rsquo;ils ne parlent pas d&rsquo;argent, ne citent pas de marques et ne font pas allusion \u00e0 des \u00e9quipements ou situations sans rapport avec l&rsquo;\u00e9poque gauloise. Tout anachronisme doit donc \u00eatre \u00e9vit\u00e9.<br \/>\n\u2022 Les personnages ne doivent dans aucun cas \u00eatre associ\u00e9s \u00e0 des personnes ou personnages autres que ceux connect\u00e9s \u00e0 l&rsquo;univers ou aux aventures d&rsquo;Ast\u00e9rix le Gaulois.<br \/>\n\u2022 Les personnages ne doivent pas \u00eatre directement associ\u00e9s aux produits et\/ou services du titulaire de la licence. Par exemple, Ob\u00e9lix ne peut pas porter le produit de la m\u00eame mani\u00e8re qu&rsquo;il porte les menhirs.<br \/>\n\u2022 Dans des cas exceptionnels, quand les personnages doivent \u00eatre mis en situation avec des produits actuels, ceux-ci doivent apparaitre sous forme de photo et non \u00eatre dessin\u00e9s.<br \/>\n\u2022 Les personnages \u00ab ne parlent pas \u00bb : cela signifie qu&rsquo;ils ne doivent pas \u00eatre montr\u00e9s avec une bulle sauf si celle-ci apparait dans l&rsquo;album duquel le personnage a \u00e9t\u00e9 tir\u00e9. Il est interdit de changer le texte pr\u00e9sent dans la bulle d&rsquo;origine.<br \/>\n\u2022 Les personnages ne doivent pas \u00eatre montr\u00e9s avec des personnages qu&rsquo;ils n&rsquo;ont pas rencontr\u00e9 dans les albums (\u00e0 l&rsquo;exception de certains visuels, comme la photo de famille cr\u00e9\u00e9e par le studio).<br \/>\n\u2022 Si le texte fait directement r\u00e9f\u00e9rence aux personnages, l&rsquo;utilisation des caract\u00e8res de la bande dessin\u00e9e est imp\u00e9rative. Selon le texte, une bulle, un \u00e9clair jaune ou une case peut \u00eatre utilis\u00e9.<br \/>\n\u2022 L&rsquo;utilisation de mots avec un suffixe en -ix doit \u00eatre limit\u00e9e aux noms propres des personnages issus des listes cr\u00e9\u00e9es au fil des aventures d&rsquo;Ast\u00e9rix. Aucune cr\u00e9ation n&rsquo;est permise.<\/p>\n<p><em>Situation au 29.04.2014 La pr\u00e9sente traduction n\u2019est pas le texte authentique. Seule la version allemande sera \u00e9l\u00e9ment constitutif du contrat.<\/em><\/p>\n","protected":false},"excerpt":{"rendered":"<p>Conditions d&rsquo;utilisation Ast\u00e9rix &amp; ses amis gameXcite GmbH (nomm\u00e9 ci-dessous \u00ab gameXcite \u00bb), Oeverseestra\u00dfe 10-12, 22769 Hamburg, est l\u2019editeur du [&hellip;]<\/p>\n","protected":false},"author":23,"featured_media":0,"parent":0,"menu_order":16,"comment_status":"closed","ping_status":"closed","template":"","meta":{"ngg_post_thumbnail":0},"acf":[],"yoast_head":"<!-- This site is optimized with the Yoast SEO plugin v19.3 - https:\/\/yoast.com\/wordpress\/plugins\/seo\/ -->\n<title>Conditions d&#039;utilisation - Asterix &amp; Friends - Official Website<\/title>\n<meta name=\"robots\" content=\"index, follow, max-snippet:-1, max-image-preview:large, max-video-preview:-1\" \/>\n<link rel=\"canonical\" href=\"https:\/\/www.asterix-friends.com\/fr\/conditions-dutilisation\/\" \/>\n<meta name=\"twitter:label1\" content=\"Dur\u00e9e de lecture estim\u00e9e\" \/>\n\t<meta name=\"twitter:data1\" content=\"4 minutes\" \/>\n<script type=\"application\/ld+json\" class=\"yoast-schema-graph\">{\"@context\":\"https:\/\/schema.org\",\"@graph\":[{\"@type\":\"WebSite\",\"@id\":\"https:\/\/www.asterix-friends.com\/de\/#website\",\"url\":\"https:\/\/www.asterix-friends.com\/de\/\",\"name\":\"Asterix &amp; Friends - Official Website\",\"description\":\"Asterix &amp; Friends - the official Online and Mobile Game\",\"potentialAction\":[{\"@type\":\"SearchAction\",\"target\":{\"@type\":\"EntryPoint\",\"urlTemplate\":\"https:\/\/www.asterix-friends.com\/de\/?s={search_term_string}\"},\"query-input\":\"required name=search_term_string\"}],\"inLanguage\":\"fr-FR\"},{\"@type\":\"WebPage\",\"@id\":\"https:\/\/www.asterix-friends.com\/fr\/conditions-dutilisation\/\",\"url\":\"https:\/\/www.asterix-friends.com\/fr\/conditions-dutilisation\/\",\"name\":\"Conditions d'utilisation - Asterix &amp; Friends - Official Website\",\"isPartOf\":{\"@id\":\"https:\/\/www.asterix-friends.com\/de\/#website\"},\"datePublished\":\"2013-04-02T10:33:26+00:00\",\"dateModified\":\"2023-09-25T13:49:44+00:00\",\"breadcrumb\":{\"@id\":\"https:\/\/www.asterix-friends.com\/fr\/conditions-dutilisation\/#breadcrumb\"},\"inLanguage\":\"fr-FR\",\"potentialAction\":[{\"@type\":\"ReadAction\",\"target\":[\"https:\/\/www.asterix-friends.com\/fr\/conditions-dutilisation\/\"]}]},{\"@type\":\"BreadcrumbList\",\"@id\":\"https:\/\/www.asterix-friends.com\/fr\/conditions-dutilisation\/#breadcrumb\",\"itemListElement\":[{\"@type\":\"ListItem\",\"position\":1,\"name\":\"Home\",\"item\":\"https:\/\/www.asterix-friends.com\/fr\/\"},{\"@type\":\"ListItem\",\"position\":2,\"name\":\"Conditions d&#8217;utilisation\"}]}]}<\/script>\n<!-- \/ Yoast SEO plugin. -->","yoast_head_json":{"title":"Conditions d'utilisation - Asterix &amp; Friends - Official Website","robots":{"index":"index","follow":"follow","max-snippet":"max-snippet:-1","max-image-preview":"max-image-preview:large","max-video-preview":"max-video-preview:-1"},"canonical":"https:\/\/www.asterix-friends.com\/fr\/conditions-dutilisation\/","twitter_misc":{"Dur\u00e9e de lecture estim\u00e9e":"4 minutes"},"schema":{"@context":"https:\/\/schema.org","@graph":[{"@type":"WebSite","@id":"https:\/\/www.asterix-friends.com\/de\/#website","url":"https:\/\/www.asterix-friends.com\/de\/","name":"Asterix &amp; Friends - Official Website","description":"Asterix &amp; Friends - the official Online and Mobile Game","potentialAction":[{"@type":"SearchAction","target":{"@type":"EntryPoint","urlTemplate":"https:\/\/www.asterix-friends.com\/de\/?s={search_term_string}"},"query-input":"required name=search_term_string"}],"inLanguage":"fr-FR"},{"@type":"WebPage","@id":"https:\/\/www.asterix-friends.com\/fr\/conditions-dutilisation\/","url":"https:\/\/www.asterix-friends.com\/fr\/conditions-dutilisation\/","name":"Conditions d'utilisation - Asterix &amp; Friends - Official Website","isPartOf":{"@id":"https:\/\/www.asterix-friends.com\/de\/#website"},"datePublished":"2013-04-02T10:33:26+00:00","dateModified":"2023-09-25T13:49:44+00:00","breadcrumb":{"@id":"https:\/\/www.asterix-friends.com\/fr\/conditions-dutilisation\/#breadcrumb"},"inLanguage":"fr-FR","potentialAction":[{"@type":"ReadAction","target":["https:\/\/www.asterix-friends.com\/fr\/conditions-dutilisation\/"]}]},{"@type":"BreadcrumbList","@id":"https:\/\/www.asterix-friends.com\/fr\/conditions-dutilisation\/#breadcrumb","itemListElement":[{"@type":"ListItem","position":1,"name":"Home","item":"https:\/\/www.asterix-friends.com\/fr\/"},{"@type":"ListItem","position":2,"name":"Conditions d&#8217;utilisation"}]}]}},"_links":{"self":[{"href":"https:\/\/www.asterix-friends.com\/fr\/wp-json\/wp\/v2\/pages\/186"}],"collection":[{"href":"https:\/\/www.asterix-friends.com\/fr\/wp-json\/wp\/v2\/pages"}],"about":[{"href":"https:\/\/www.asterix-friends.com\/fr\/wp-json\/wp\/v2\/types\/page"}],"author":[{"embeddable":true,"href":"https:\/\/www.asterix-friends.com\/fr\/wp-json\/wp\/v2\/users\/23"}],"replies":[{"embeddable":true,"href":"https:\/\/www.asterix-friends.com\/fr\/wp-json\/wp\/v2\/comments?post=186"}],"version-history":[{"count":20,"href":"https:\/\/www.asterix-friends.com\/fr\/wp-json\/wp\/v2\/pages\/186\/revisions"}],"predecessor-version":[{"id":7671,"href":"https:\/\/www.asterix-friends.com\/fr\/wp-json\/wp\/v2\/pages\/186\/revisions\/7671"}],"wp:attachment":[{"href":"https:\/\/www.asterix-friends.com\/fr\/wp-json\/wp\/v2\/media?parent=186"}],"curies":[{"name":"wp","href":"https:\/\/api.w.org\/{rel}","templated":true}]}}