{"id":1565,"date":"2013-09-11T19:59:40","date_gmt":"2013-09-11T17:59:40","guid":{"rendered":"https:\/\/www.asterix-friends.com\/?page_id=1565"},"modified":"2014-02-20T17:47:02","modified_gmt":"2014-02-20T15:47:02","slug":"conditions-de-participation","status":"publish","type":"page","link":"https:\/\/www.asterix-friends.com\/fr\/conditions-de-participation\/","title":{"rendered":"Conditions de participation"},"content":{"rendered":"<h2>CONDITIONS DE PARTICIPATION<\/h2>\n<p>Attention : ces conditions de participation s\u2019appliquent \u00e0 tous les jeux concours de<br \/>\n<a href=\"https:\/\/www.facebook.com\/AsterixEtSesAmis\">facebook.com\/AsterixEtSesAmis<\/a>\u00a0ainsi qu&rsquo;\u00e0 ceux de <a href=\"https:\/\/www.asterix-friends.com\/fr\/\">www.asterix-friends.com\/fr\/<\/a>\u00a0et du <a href=\"https:\/\/boards.browsergames.telekom.net\/index.php?page=Board&amp;boardID=39&amp;s=81aad353bf0c62769ecb49fb5fcd82463de8f213\">forum d&rsquo;Ast\u00e9rix &amp; ses amis<\/a>.<\/p>\n<p><strong>Ces jeux concours n\u2019ont aucun lien avec Facebook et ne sont pas sponsoris\u00e9s, soutenus ou organis\u00e9s par Facebook. Le destinataire des informations fournies n\u2019est pas Facebook, mais Deutsche Telekom AG. Les informations fournies ne sont utilis\u00e9es que dans ce cadre.<\/strong><\/p>\n<p><a href=\"http:\/\/www.telekom.de\/agb\/direkt?AGBID=2189\">Notes d\u2019information sur la protection de la vie priv\u00e9e<\/a><\/p>\n<p><span style=\"text-decoration: underline;\" data-mce-mark=\"1\"><strong>Conditions de participation :<\/strong><\/span><\/p>\n<ol>\n<li>Participation \u00e0 partir de 14 ans<\/li>\n<li>Les collaborateurs de Deutsche Telekom AG ainsi que ceux du studio de d\u00e9veloppement du jeu sont exclus.<\/li>\n<li>La date limite de participation est le 05\/03\/2014 \u00e0 23h59.<\/li>\n<li>Sauf indication contraire dans la description du jeu concours, tous les prix seront tir\u00e9s au sort al\u00e9atoirement parmi tous les participants ou parmi tous les participants ayant fourni la bonne r\u00e9ponse.<\/li>\n<li>Les gagnants seront inform\u00e9s soit via leur compte in-game enregistr\u00e9 dans le jeu, soit via leur compte du forum par les administrateurs du jeu ou des forums. Si le formulaire de participation pr\u00e9voit un champ d&rsquo;adresse e-mail, les gagnants seront contact\u00e9s par e-mail.<\/li>\n<li>Chaque participant doit veiller \u00e0 ce que son compte in-game, son compte de forum ou son adresse e-mail soient \u00e9crits correctement de mani\u00e8re \u00e0 \u00eatre joignable s&rsquo;il gagne.<\/li>\n<li>Si le prix consiste en un objet in-game, la notification contiendra ledit objet en pi\u00e8ce jointe ou ce dernier sera directement cr\u00e9dit\u00e9 sur le compte du gagnant.<\/li>\n<li>Ind\u00e9pendamment du choix du gagnant (par exemple quel serveur de jeu ou quel compte doit \u00eatre cr\u00e9dit\u00e9), le gagnant doit r\u00e9clamer son prix dans d\u00e9lai de 24 h apr\u00e8s r\u00e9ception de la notification. La r\u00e9ponse doit \u00eatre effectu\u00e9e, selon le mode de notification du prix, en r\u00e9pondant \u00e0 la notification de prix dans la messagerie du forum, en r\u00e9pondant \u00e0 la notification de prix d\u00e9livr\u00e9e au compte d&rsquo;administrateur enregistr\u00e9 dans la messagerie in-game du gagnant ou en r\u00e9pondant \u00e0 la notification de prix envoy\u00e9e par e-mail.<\/li>\n<li>Si tu ne r\u00e9ponds pas \u00e0 la notification dans un d\u00e9lai de 24 h, le prix sera de nouveau mis en jeu et tir\u00e9 au sort.<\/li>\n<li>Aucun versement en esp\u00e8ces n&rsquo;aura lieu.<\/li>\n<li>Deutsche Telekom AG est autoris\u00e9 \u00e0 exclure du concours les participants soup\u00e7onn\u00e9s de contrevenir aux conditions de participation ou aux r\u00e8gles du jeu ou en cas d\u2019autre manipulation frauduleuse. Le cas \u00e9ch\u00e9ant, Deutsche Telekom AG peut annuler le prix et en demander la restitution a posteriori.<\/li>\n<li>Si la participation \u00e0 un jeu concours prend la forme d&rsquo;un commentaire, par exemple un post sur Facebook, ce commentaire ne doit pas contenir d\u2019insultes, de fausses informations, d\u2019atteintes au droit d\u2019auteur, d\u2019entorses \u00e0 la concurrence ou de contrefa\u00e7ons de marque.<\/li>\n<li>En cas d\u2019entorses mentionn\u00e9es ci-dessus, Deutsche Telekom AG n\u2019est pas responsable des commentaires d\u2019utilisateurs sur ses pages Facebook, surtout lors de jeux concours accessibles au public via Facebook ou via d\u2019autres r\u00e9seaux sociaux. Dans ce cas, seule responsabilit\u00e9 de l\u2019utilisateur peut \u00eatre mise en cause.<\/li>\n<li>Nous pouvons modifier les prix ou le d\u00e9tail des prix \u00e0 tout moment du jeu concours.<\/li>\n<\/ol>\n","protected":false},"excerpt":{"rendered":"<p>CONDITIONS DE PARTICIPATION Attention : ces conditions de participation s\u2019appliquent \u00e0 tous les jeux concours de facebook.com\/AsterixEtSesAmis\u00a0ainsi qu&rsquo;\u00e0 ceux de [&hellip;]<\/p>\n","protected":false},"author":23,"featured_media":0,"parent":0,"menu_order":0,"comment_status":"closed","ping_status":"closed","template":"","meta":{"ngg_post_thumbnail":0},"acf":[],"yoast_head":"<!-- This site is optimized with the Yoast SEO plugin v19.3 - https:\/\/yoast.com\/wordpress\/plugins\/seo\/ -->\n<title>Conditions de participation - Asterix &amp; Friends - Official Website<\/title>\n<meta name=\"robots\" content=\"index, follow, max-snippet:-1, max-image-preview:large, max-video-preview:-1\" \/>\n<link rel=\"canonical\" href=\"https:\/\/www.asterix-friends.com\/fr\/conditions-de-participation\/\" \/>\n<meta name=\"twitter:label1\" content=\"Dur\u00e9e de lecture estim\u00e9e\" \/>\n\t<meta name=\"twitter:data1\" content=\"3 minutes\" \/>\n<script type=\"application\/ld+json\" class=\"yoast-schema-graph\">{\"@context\":\"https:\/\/schema.org\",\"@graph\":[{\"@type\":\"WebSite\",\"@id\":\"https:\/\/www.asterix-friends.com\/de\/#website\",\"url\":\"https:\/\/www.asterix-friends.com\/de\/\",\"name\":\"Asterix &amp; Friends - Official Website\",\"description\":\"Asterix &amp; Friends - the official Online and Mobile Game\",\"potentialAction\":[{\"@type\":\"SearchAction\",\"target\":{\"@type\":\"EntryPoint\",\"urlTemplate\":\"https:\/\/www.asterix-friends.com\/de\/?s={search_term_string}\"},\"query-input\":\"required name=search_term_string\"}],\"inLanguage\":\"fr-FR\"},{\"@type\":\"WebPage\",\"@id\":\"https:\/\/www.asterix-friends.com\/fr\/conditions-de-participation\/\",\"url\":\"https:\/\/www.asterix-friends.com\/fr\/conditions-de-participation\/\",\"name\":\"Conditions de participation - Asterix &amp; Friends - Official Website\",\"isPartOf\":{\"@id\":\"https:\/\/www.asterix-friends.com\/de\/#website\"},\"datePublished\":\"2013-09-11T17:59:40+00:00\",\"dateModified\":\"2014-02-20T15:47:02+00:00\",\"breadcrumb\":{\"@id\":\"https:\/\/www.asterix-friends.com\/fr\/conditions-de-participation\/#breadcrumb\"},\"inLanguage\":\"fr-FR\",\"potentialAction\":[{\"@type\":\"ReadAction\",\"target\":[\"https:\/\/www.asterix-friends.com\/fr\/conditions-de-participation\/\"]}]},{\"@type\":\"BreadcrumbList\",\"@id\":\"https:\/\/www.asterix-friends.com\/fr\/conditions-de-participation\/#breadcrumb\",\"itemListElement\":[{\"@type\":\"ListItem\",\"position\":1,\"name\":\"Home\",\"item\":\"https:\/\/www.asterix-friends.com\/fr\/\"},{\"@type\":\"ListItem\",\"position\":2,\"name\":\"Conditions de participation\"}]}]}<\/script>\n<!-- \/ Yoast SEO plugin. -->","yoast_head_json":{"title":"Conditions de participation - Asterix &amp; Friends - Official Website","robots":{"index":"index","follow":"follow","max-snippet":"max-snippet:-1","max-image-preview":"max-image-preview:large","max-video-preview":"max-video-preview:-1"},"canonical":"https:\/\/www.asterix-friends.com\/fr\/conditions-de-participation\/","twitter_misc":{"Dur\u00e9e de lecture estim\u00e9e":"3 minutes"},"schema":{"@context":"https:\/\/schema.org","@graph":[{"@type":"WebSite","@id":"https:\/\/www.asterix-friends.com\/de\/#website","url":"https:\/\/www.asterix-friends.com\/de\/","name":"Asterix &amp; Friends - Official Website","description":"Asterix &amp; Friends - the official Online and Mobile Game","potentialAction":[{"@type":"SearchAction","target":{"@type":"EntryPoint","urlTemplate":"https:\/\/www.asterix-friends.com\/de\/?s={search_term_string}"},"query-input":"required name=search_term_string"}],"inLanguage":"fr-FR"},{"@type":"WebPage","@id":"https:\/\/www.asterix-friends.com\/fr\/conditions-de-participation\/","url":"https:\/\/www.asterix-friends.com\/fr\/conditions-de-participation\/","name":"Conditions de participation - Asterix &amp; Friends - Official Website","isPartOf":{"@id":"https:\/\/www.asterix-friends.com\/de\/#website"},"datePublished":"2013-09-11T17:59:40+00:00","dateModified":"2014-02-20T15:47:02+00:00","breadcrumb":{"@id":"https:\/\/www.asterix-friends.com\/fr\/conditions-de-participation\/#breadcrumb"},"inLanguage":"fr-FR","potentialAction":[{"@type":"ReadAction","target":["https:\/\/www.asterix-friends.com\/fr\/conditions-de-participation\/"]}]},{"@type":"BreadcrumbList","@id":"https:\/\/www.asterix-friends.com\/fr\/conditions-de-participation\/#breadcrumb","itemListElement":[{"@type":"ListItem","position":1,"name":"Home","item":"https:\/\/www.asterix-friends.com\/fr\/"},{"@type":"ListItem","position":2,"name":"Conditions de participation"}]}]}},"_links":{"self":[{"href":"https:\/\/www.asterix-friends.com\/fr\/wp-json\/wp\/v2\/pages\/1565"}],"collection":[{"href":"https:\/\/www.asterix-friends.com\/fr\/wp-json\/wp\/v2\/pages"}],"about":[{"href":"https:\/\/www.asterix-friends.com\/fr\/wp-json\/wp\/v2\/types\/page"}],"author":[{"embeddable":true,"href":"https:\/\/www.asterix-friends.com\/fr\/wp-json\/wp\/v2\/users\/23"}],"replies":[{"embeddable":true,"href":"https:\/\/www.asterix-friends.com\/fr\/wp-json\/wp\/v2\/comments?post=1565"}],"version-history":[{"count":13,"href":"https:\/\/www.asterix-friends.com\/fr\/wp-json\/wp\/v2\/pages\/1565\/revisions"}],"predecessor-version":[{"id":1567,"href":"https:\/\/www.asterix-friends.com\/fr\/wp-json\/wp\/v2\/pages\/1565\/revisions\/1567"}],"wp:attachment":[{"href":"https:\/\/www.asterix-friends.com\/fr\/wp-json\/wp\/v2\/media?parent=1565"}],"curies":[{"name":"wp","href":"https:\/\/api.w.org\/{rel}","templated":true}]}}