{"id":2169,"date":"2014-05-04T20:32:55","date_gmt":"2014-05-04T18:32:55","guid":{"rendered":"https:\/\/www.asterix-friends.com\/?page_id=2169"},"modified":"2014-05-06T14:02:20","modified_gmt":"2014-05-06T12:02:20","slug":"migration-faq","status":"publish","type":"page","link":"https:\/\/www.asterix-friends.com\/de\/migration-faq\/","title":{"rendered":"Migration FAQ"},"content":{"rendered":"<h1>FAQ zur Migration<\/h1>\n<p>Liebe Gallier,<\/p>\n<p>Im Zuge der \u00dcbergabe von Asterix &amp; Friends von der Deutschen Telekom AG zum Entwickler Sproing Publishing AG, findet ihr hier eine Zusammenstellung and Informationen und FAQ:<\/p>\n<p><strong>Warum widersprechen?<\/strong><br \/>\nUm das Spiel am 27.05.2014 an die Sproing Publishing GmbH \u00fcbergeben zu k\u00f6nnen, m\u00fcssen wir zus\u00e4tzliche auch die Accountdaten, Spieldaten und Paymentdaten \u00fcbergeben, um den weiteren Betrieb des Spiels zu gew\u00e4hrleisten.<\/p>\n<p>Sproing stellt euch unter den folgenden Links ihre AGBs, Nutzungsbedingungen, Datenschutzbestimmungen und Chat Regeln zur Einsicht:<\/p>\n<p><a title=\"Sproing Publishing GmbH Allgemeine Gesch\u00e4ftsbedingungen\" href=\"https:\/\/www.asterix-friends.com\/de\/agb-sproing\/\" target=\"_blank\">Sproing Publishing GmbH Allgemeine Gesch\u00e4ftsbedingungen (AGB)<\/a><br \/>\n<a title=\"Sproing Publishing GmbH Nutzungsbedingungen\" href=\"https:\/\/www.asterix-friends.com\/de\/nutzungsbedingungen-sproing\/\" target=\"_blank\">Sproing Publishing GmbH Nutzungsbedingungen<\/a><br \/>\n<a title=\"Sproing Publishing GmbH Datenschutzbestimmungen\" href=\"https:\/\/www.asterix-friends.com\/de\/datenschutzhinweis-sproing\/\" target=\"_blank\">Sproing Publishing GmbH Datenschutzbestimmungen<\/a><br \/>\n<a title=\"Sproing Publishing GmbH Chat Regeln\" href=\"https:\/\/www.asterix-friends.com\/de\/chat-regeln-sproing\/\" target=\"_blank\">Sproing Publishing GmbH Chat Regeln<\/a><\/p>\n<p>Diese neuen Bestimmungen gelten ab dem 27.05.2014<\/p>\n<p>Stimmt ihr diesen neuen Bestimmungen nicht zu, m\u00fcsst ihr der Migration eurer Daten aktiv widersprechen.<br \/>\nDies bedeutet, dass ihr ab diesem Tag nicht mehr ins Spiel einloggen k\u00f6nnt und s\u00e4mtliche erspielten Inhalte gel\u00f6scht werden. Dies gilt auch f\u00fcr die gekaufte oder erspielte Premiumw\u00e4hrung.<\/p>\n<p><strong>Was passiert, wenn ich der Migration widerspreche?<\/strong><br \/>\nMit dem Widerspruch zur Migration werden wir alle eure Accountdaten, Spieldaten und Payments am 27.05.2014 l\u00f6schen und diese nicht an Sproing \u00fcbergeben.<\/p>\n<p>Dies bedeutet, dass ihr ab diesem Tag nicht mehr ins Spiel einloggen k\u00f6nnt und s\u00e4mtliche erspielten Inhalte gel\u00f6scht werden. Dies gilt auch f\u00fcr die gekaufte oder erspielte Premiumw\u00e4hrung.<\/p>\n<p>Die L\u00f6schung kann nicht mehr r\u00fcckg\u00e4ngig gemacht werden.<\/p>\n<p><strong>Wie kann ich der Migration widersprechen?<\/strong><br \/>\nUm der Migration und damit dem Transfer eurer Daten zu Sproing zu widersprechen, m\u00fcsst ihr den Supportbereich unserer Webseite unter <a title=\"Asterix&amp;Friends Support\" href=\"https:\/\/www.asterix-friends.com\/de\/support\/\" target=\"_blank\">https:\/\/www.asterix-friends.com\/de\/support\/<\/a> aufsuchen.<\/p>\n<p>W\u00e4hlt jetzt unter Support die Rubrik \u201eWie kann ich den Support kontaktieren\u201c aus und tragt eure Daten in die Felder ein.<\/p>\n<p><img loading=\"lazy\" class=\"alignnone size-full wp-image-2207\" alt=\"screen_support_de\" src=\"https:\/\/www.asterix-friends.com\/wp-content\/uploads\/2014\/05\/screen_support_de.jpg\" width=\"800\" height=\"715\" srcset=\"https:\/\/www.asterix-friends.com\/wp-content\/uploads\/2014\/05\/screen_support_de.jpg 800w, https:\/\/www.asterix-friends.com\/wp-content\/uploads\/2014\/05\/screen_support_de-300x268.jpg 300w, https:\/\/www.asterix-friends.com\/wp-content\/uploads\/2014\/05\/screen_support_de-624x557.jpg 624w\" sizes=\"(max-width: 800px) 100vw, 800px\" \/><\/p>\n<p>Bitte \u00e4ndert das \u201eThema\u201c entsprechend von \u201eIch habe ein technisches Problem\u201c in \u201eMigration \/ Widerruf\u201c und tragt in das Beschreibungsfeld zus\u00e4tzlich eure Kundennummer ein.<\/p>\n<p>Die Kundennummer ist im Kundencenter hinterlegt, welches \u00fcber folgende URL aufgerufen werden kann: <a href=\"https:\/\/global.telekom.com\/gcp-web-csc\/10000024\/?locale=de\" target=\"_blank\">https:\/\/global.telekom.com\/gcp-web-csc\/10000024\/?locale=de<\/a><\/p>\n<p>Abschlie\u00dfend klickt bitte auf \u201eAbsenden\u201c und euer Widerruf wird an den Support weitergeleitet. Dieser wird dann eure Daten pr\u00fcfen und eine E-Mail an euch senden, welche den Widerruf best\u00e4tigt.<\/p>\n<p><strong>Was passiert w\u00e4hrend der \u00dcbernahme?<\/strong><br \/>\nDie Server werden f\u00fcr einen l\u00e4ngeren Zeitraum nicht verf\u00fcgbar sein, da alle Kundendaten sowie Spieldaten auf neue Systeme gespielt werden m\u00fcssen.<\/p>\n<p><strong>Wann findet die \u00dcbernahme statt?<\/strong><br \/>\nDer genaue Zeitpunkt dieser Migration ist noch offen, aber es werden nat\u00fcrlich alle Spieler rechtzeitig dar\u00fcber informiert werden.<\/p>\n<p><strong>Was passiert mit meinem Spielstand und den bisherigen Eink\u00e4ufen?<\/strong><br \/>\nAlle Spieldaten bleiben erhalten und du kannst dein Spiel dort fortsetzen, wo du zuletzt aufgeh\u00f6rt hast. Darunter fallen nat\u00fcrlich auch deine R\u00f6merhelme, Sestercen, Ressourcen, Items, Freundeslisten, PvP Rank, etc.<\/p>\n<p><strong>Werden die Preise teurer?<\/strong><br \/>\nPreis\u00e4nderungen w\u00e4hrend der Migration sind nicht vorgesehen. Sp\u00e4tere Preisanpassungen sind aber nicht ausgeschlossen.<\/p>\n<p><strong>\u00c4ndert sich die Spiel URL?<\/strong><br \/>\nDurch die Migration \u00e4ndert sich zwingend auch die Spiel URL. Der Ersteinstieg in das Spiel sollte daher \u00fcber die Website stattfinden: <a style=\"line-height: 1.714285714; font-size: 1rem;\" href=\"https:\/\/www.asterix-friends.com\" target=\"_blank\">https:\/\/www.asterix-friends.com<\/a><\/p>\n<p><strong>\u00c4ndert sich die Forum URL?<\/strong><br \/>\nDie Forum URL wird sich nach der Migration ebenfalls \u00e4ndern. Der Ersteinstieg sollte auch \u00fcber die Website oder \u00fcber das Spiel stattfinden.<\/p>\n<p><strong>Werden alte Forum Threads gel\u00f6scht?<\/strong><br \/>\nAlle Threads werden \u00fcbernommen, eine L\u00f6schung ist nicht n\u00f6tig.<\/p>\n<p><strong>\u00c4ndern sich die Forum Moderatoren?<\/strong><br \/>\nEine \u00c4nderung der Forum Moderatoren ist nicht vorgesehen.<\/p>\n<p><strong>Bleibt mein Foren Login?<\/strong><br \/>\nSpiel und Forum Login sind ident.<\/p>\n<p><strong>Was ist mit meinen Offenen Support Tickets?<\/strong><br \/>\nOffene Supporttickets werden weiterhin bearbeitet. Wir bitten um Verst\u00e4ndnis, falls es durch die Migration zu Verz\u00f6gerungen kommen sollte!<\/p>\n<p><strong>Was wird sich im Spiel \u00e4ndern?<\/strong><br \/>\nDie Sproing Publishing GmbH wird das Spiel weiterhin verbessern und mit neuem Inhalt bef\u00fcllen. Zu den gr\u00f6\u00dften \u00c4nderungen z\u00e4hlt ein neues Gildensystem und Gildenchat. Hier k\u00f6nnt ihr euch noch besser mit euren Freunden austauschen und R\u00f6mer verm\u00f6beln.<\/p>\n<p><strong>Bleibe ich auf der Stufe meines Daily Bonus?<\/strong><br \/>\nSofern die Migration innerhalb eines Tages beendet werden kann, wird sich auch nichts am Daily Login Bonus \u00e4ndern. Wir werden uns bem\u00fchen die \u00c4nderungen so schnell wie m\u00f6glich durchzuf\u00fchren!<\/p>\n<p><strong>Muss ich einen neuen Dorfnamen w\u00e4hlen?<\/strong><br \/>\nEine Neuvergabe des Dorfnamens ist nicht n\u00f6tig<\/p>\n<p><strong>Wie lange dauert die Migration \u2013 wird in der Zeit das Spiel \u201epausiert\u201c?<\/strong><br \/>\nAls grobes Wartungsfenster sind 6h geplant.<br \/>\nAlle Spielinhalte die eine zeitliche Begrenzung haben werden nicht pausiert.<br \/>\nDarunter f\u00e4llt: Legionen, tempor\u00e4re Taschen, tempor\u00e4re Au\u00dfenposten, Lager\/Patroullien Respawn, Dorfpr\u00fcgelei Turnier.<\/p>\n<p>&nbsp;<\/p>\n","protected":false},"excerpt":{"rendered":"<p>FAQ zur Migration Liebe Gallier, Im Zuge der \u00dcbergabe von Asterix &amp; Friends von der Deutschen Telekom AG zum Entwickler [&hellip;]<\/p>\n","protected":false},"author":23,"featured_media":0,"parent":0,"menu_order":0,"comment_status":"closed","ping_status":"closed","template":"","meta":{"ngg_post_thumbnail":0},"acf":[],"yoast_head":"<!-- This site is optimized with the Yoast SEO plugin v19.3 - https:\/\/yoast.com\/wordpress\/plugins\/seo\/ -->\n<title>Migration FAQ - Asterix &amp; Friends - Official Website<\/title>\n<meta name=\"robots\" content=\"index, follow, max-snippet:-1, max-image-preview:large, max-video-preview:-1\" \/>\n<link rel=\"canonical\" href=\"https:\/\/www.asterix-friends.com\/de\/migration-faq\/\" \/>\n<meta name=\"twitter:label1\" content=\"Gesch\u00e4tzte Lesezeit\" \/>\n\t<meta name=\"twitter:data1\" content=\"4 Minuten\" \/>\n<script type=\"application\/ld+json\" class=\"yoast-schema-graph\">{\"@context\":\"https:\/\/schema.org\",\"@graph\":[{\"@type\":\"WebSite\",\"@id\":\"https:\/\/www.asterix-friends.com\/de\/#website\",\"url\":\"https:\/\/www.asterix-friends.com\/de\/\",\"name\":\"Asterix &amp; Friends - Official Website\",\"description\":\"Asterix &amp; Friends - the official Online and Mobile Game\",\"potentialAction\":[{\"@type\":\"SearchAction\",\"target\":{\"@type\":\"EntryPoint\",\"urlTemplate\":\"https:\/\/www.asterix-friends.com\/de\/?s={search_term_string}\"},\"query-input\":\"required name=search_term_string\"}],\"inLanguage\":\"de-DE\"},{\"@type\":\"ImageObject\",\"inLanguage\":\"de-DE\",\"@id\":\"https:\/\/www.asterix-friends.com\/de\/migration-faq\/#primaryimage\",\"url\":\"https:\/\/www.asterix-friends.com\/wp-content\/uploads\/2014\/05\/screen_support_de.jpg\",\"contentUrl\":\"https:\/\/www.asterix-friends.com\/wp-content\/uploads\/2014\/05\/screen_support_de.jpg\",\"width\":800,\"height\":715},{\"@type\":\"WebPage\",\"@id\":\"https:\/\/www.asterix-friends.com\/de\/migration-faq\/\",\"url\":\"https:\/\/www.asterix-friends.com\/de\/migration-faq\/\",\"name\":\"Migration FAQ - Asterix &amp; Friends - Official Website\",\"isPartOf\":{\"@id\":\"https:\/\/www.asterix-friends.com\/de\/#website\"},\"primaryImageOfPage\":{\"@id\":\"https:\/\/www.asterix-friends.com\/de\/migration-faq\/#primaryimage\"},\"datePublished\":\"2014-05-04T18:32:55+00:00\",\"dateModified\":\"2014-05-06T12:02:20+00:00\",\"breadcrumb\":{\"@id\":\"https:\/\/www.asterix-friends.com\/de\/migration-faq\/#breadcrumb\"},\"inLanguage\":\"de-DE\",\"potentialAction\":[{\"@type\":\"ReadAction\",\"target\":[\"https:\/\/www.asterix-friends.com\/de\/migration-faq\/\"]}]},{\"@type\":\"BreadcrumbList\",\"@id\":\"https:\/\/www.asterix-friends.com\/de\/migration-faq\/#breadcrumb\",\"itemListElement\":[{\"@type\":\"ListItem\",\"position\":1,\"name\":\"Home\",\"item\":\"https:\/\/www.asterix-friends.com\/de\/\"},{\"@type\":\"ListItem\",\"position\":2,\"name\":\"Migration FAQ\"}]}]}<\/script>\n<!-- \/ Yoast SEO plugin. -->","yoast_head_json":{"title":"Migration FAQ - Asterix &amp; Friends - Official Website","robots":{"index":"index","follow":"follow","max-snippet":"max-snippet:-1","max-image-preview":"max-image-preview:large","max-video-preview":"max-video-preview:-1"},"canonical":"https:\/\/www.asterix-friends.com\/de\/migration-faq\/","twitter_misc":{"Gesch\u00e4tzte Lesezeit":"4 Minuten"},"schema":{"@context":"https:\/\/schema.org","@graph":[{"@type":"WebSite","@id":"https:\/\/www.asterix-friends.com\/de\/#website","url":"https:\/\/www.asterix-friends.com\/de\/","name":"Asterix &amp; Friends - Official Website","description":"Asterix &amp; Friends - the official Online and Mobile Game","potentialAction":[{"@type":"SearchAction","target":{"@type":"EntryPoint","urlTemplate":"https:\/\/www.asterix-friends.com\/de\/?s={search_term_string}"},"query-input":"required name=search_term_string"}],"inLanguage":"de-DE"},{"@type":"ImageObject","inLanguage":"de-DE","@id":"https:\/\/www.asterix-friends.com\/de\/migration-faq\/#primaryimage","url":"https:\/\/www.asterix-friends.com\/wp-content\/uploads\/2014\/05\/screen_support_de.jpg","contentUrl":"https:\/\/www.asterix-friends.com\/wp-content\/uploads\/2014\/05\/screen_support_de.jpg","width":800,"height":715},{"@type":"WebPage","@id":"https:\/\/www.asterix-friends.com\/de\/migration-faq\/","url":"https:\/\/www.asterix-friends.com\/de\/migration-faq\/","name":"Migration FAQ - Asterix &amp; Friends - Official Website","isPartOf":{"@id":"https:\/\/www.asterix-friends.com\/de\/#website"},"primaryImageOfPage":{"@id":"https:\/\/www.asterix-friends.com\/de\/migration-faq\/#primaryimage"},"datePublished":"2014-05-04T18:32:55+00:00","dateModified":"2014-05-06T12:02:20+00:00","breadcrumb":{"@id":"https:\/\/www.asterix-friends.com\/de\/migration-faq\/#breadcrumb"},"inLanguage":"de-DE","potentialAction":[{"@type":"ReadAction","target":["https:\/\/www.asterix-friends.com\/de\/migration-faq\/"]}]},{"@type":"BreadcrumbList","@id":"https:\/\/www.asterix-friends.com\/de\/migration-faq\/#breadcrumb","itemListElement":[{"@type":"ListItem","position":1,"name":"Home","item":"https:\/\/www.asterix-friends.com\/de\/"},{"@type":"ListItem","position":2,"name":"Migration FAQ"}]}]}},"_links":{"self":[{"href":"https:\/\/www.asterix-friends.com\/de\/wp-json\/wp\/v2\/pages\/2169"}],"collection":[{"href":"https:\/\/www.asterix-friends.com\/de\/wp-json\/wp\/v2\/pages"}],"about":[{"href":"https:\/\/www.asterix-friends.com\/de\/wp-json\/wp\/v2\/types\/page"}],"author":[{"embeddable":true,"href":"https:\/\/www.asterix-friends.com\/de\/wp-json\/wp\/v2\/users\/23"}],"replies":[{"embeddable":true,"href":"https:\/\/www.asterix-friends.com\/de\/wp-json\/wp\/v2\/comments?post=2169"}],"version-history":[{"count":13,"href":"https:\/\/www.asterix-friends.com\/de\/wp-json\/wp\/v2\/pages\/2169\/revisions"}],"predecessor-version":[{"id":4271,"href":"https:\/\/www.asterix-friends.com\/de\/wp-json\/wp\/v2\/pages\/2169\/revisions\/4271"}],"wp:attachment":[{"href":"https:\/\/www.asterix-friends.com\/de\/wp-json\/wp\/v2\/media?parent=2169"}],"curies":[{"name":"wp","href":"https:\/\/api.w.org\/{rel}","templated":true}]}}