{"id":2155,"date":"2014-05-05T01:17:14","date_gmt":"2014-05-04T23:17:14","guid":{"rendered":"https:\/\/www.asterix-friends.com\/?page_id=2155"},"modified":"2020-03-05T06:51:57","modified_gmt":"2020-03-05T04:51:57","slug":"nutzungsbedingungen-sproing","status":"publish","type":"page","link":"https:\/\/www.asterix-friends.com\/de\/nutzungsbedingungen-sproing\/","title":{"rendered":"Nutzungsbedingungen Sproing"},"content":{"rendered":"<h1>Nutzungsbedingungen<\/h1>\n<h2>Asterix &amp; Friends Sproing Publishing GmbH<\/h2>\n<p>Die Sproing Publishing GmbH (nachfolgend mit \u201eSproing Publishing\u201c bezeichnet), Fernkorngasse 10, 1100 Wien, betreibt das Spiel \u201eAsterix &amp; Friends\u201c. Diese Nutzungsbedingungen regeln die vertraglichen Beziehungen zwischen dem Nutzer und der Sproing Publishing. Solange in einer separaten Vereinbarung oder den vorliegenden Nutzungsbedingungen nichts Abweichendes geregelt ist, gelten die Allgemeinen Gesch\u00e4ftsbedingungen der Sproing Publishing.<\/p>\n<p>Die Sproing Publishing kann nicht sicherstellen, dass die Leistungen jederzeit st\u00f6rungsfrei und in vollem Umfang erbracht werden k\u00f6nnen.<\/p>\n<p><strong>Nutzungsrechte<\/strong><br \/>\nS\u00e4mtliche vom Nutzer dieses Services an die Sproing Publishing per elektronischer Mail oder auf andere Weise \u00fcbermittelten oder auf der Website geposteten Kommunikationsdaten oder Materialien, einschlie\u00dflich s\u00e4mtlicher Informationen, Fragen und Anregungen werden als nicht vertraulich und urheberrechtlich nicht gesch\u00fctzt angesehen und behandelt. Die Sproing Publishing und\/ oder Les \u00c9ditions Albert Ren\u00e9, 26 Avenue Victor Hugo, 75116 Paris (Frankreich) (nachfolgend mit \u201eLEAR\u201c bezeichnet) darf s\u00e4mtliche von einem Nutzer \u00fcbermittelten oder geposteten Unterlagen f\u00fcr jeden Zweck verwenden, einschlie\u00dflich aber nicht beschr\u00e4nkt auf die Vervielf\u00e4ltigung, die Weitergabe, die \u00dcbermittlung, die Ver\u00f6ffentlichung, die Ausstrahlung und die Bereitstellung im Internet. Die Sproing Publishing kann nach eigenem Ermessen jegliche Inhalte entfernen oder bearbeiten, die sie f\u00fcr gesetzwidrig oder f\u00fcr akzeptablen moralischen Normen zuwiderlaufend h\u00e4lt, oder die eine Verletzung dieser Nutzungsbedingungen darstellen. Der Nutzer ist zur Einhaltung nationaler und internationaler Urheberrechte, Schutzmarken, Patente und Namensrechte sowie sonstiger gewerblicher und pers\u00f6nlicher Rechte der Sproing Publishing, von LEAR und von anderen Dritten verpflichtet. Bei einer Verletzung dieser Nutzungsbedingungen beh\u00e4lt sich die Sproing Publishing das Recht vor, den Zugang zu diesem Service zu sperren.<\/p>\n<p>Dar\u00fcber hinaus sind die Sproing Publishing und\/ oder LEAR berechtigt, s\u00e4mtliche Ideen, Konzepte und Verfahren sowie sonstige Informationen, welche der Nutzer der Sproing Publishing mitteilt oder im Rahmen des Spiel ver\u00f6ffentlicht, f\u00fcr jeglichen beliebigen Zweck zu verwenden, einschlie\u00dflich aber nicht beschr\u00e4nkt auf die Entwicklung, Herstellung und Vermarktung von Produkten unter Zuhilfenahme dieser Informationen, ohne zuvor das Einverst\u00e4ndnis des Nutzers einzuholen oder dem Nutzer eine Entsch\u00e4digung zu zahlen.<\/p>\n<p>Schlie\u00dflich gestattet der Nutzer LEAR, den f\u00fcr die Nutzung des Browserspiels \u201eAsterix &amp; Friends\u201c verwendeten Benutzernamen f\u00fcr die Bezeichnung neuer Charaktere und Inhalte ohne Einschr\u00e4nkung, Einverst\u00e4ndnis des Nutzers und Entsch\u00e4digung f\u00fcr den Nutzer, in s\u00e4mtlichen Produkten des Asterix-Franchise zu verwenden.<\/p>\n<p><strong>Dar\u00fcber hinaus akzeptiert der Nutzer die Anwendungsrichtlinien des Asterix-Franchise:<\/strong><\/p>\n<p><strong>Allgemeine Verbote<\/strong><br \/>\n\u2022 Die Marke Asterix und die zugeh\u00f6rigen Charaktere d\u00fcrfen nicht mit folgenden Produkten in Zusammenhang gebracht werden: Tabak, Alkohol, Gl\u00fccksspiel, Politik, Sex, Drogen, Arzneimittel oder Stimulanzien jeglicher Art.<br \/>\n\u2022 Wenn die Charaktere aus dem Kontext der Alben herausgenommen werden, so m\u00fcssen doch ihre eigentlichen Wesensz\u00fcge erhalten bleiben. Das bedeutet, sie sprechen nicht \u00fcber Geld, nennen keine Markennamen und weisen nicht auf Ger\u00e4te oder Sachverhalte hin, die nicht in den zeitlichen Kontext der gallischen Epoche passen. Aus diesem Grund m\u00fcssen s\u00e4mtliche Anachronismen unterbleiben.<br \/>\n\u2022 Die Charaktere d\u00fcrfen unter keinen Umst\u00e4nden mit Personen oder Charakteren in Zusammenhang gebracht werden, die nicht aus dem Umfeld der Abenteuer von Asterix dem Gallier stammen.<br \/>\n\u2022 Die Charaktere d\u00fcrfen nicht unmittelbar mit den Produkten und\/oder Services des Lizenznehmers in Verbindung gebracht werden. So darf Obelix beispielsweise keine Produkte in der Art und Weise tragen, in der er Hinkelsteine tr\u00e4gt.<br \/>\n\u2022 Falls die Charaktere in Ausnahmef\u00e4llen zusammen mit aktuellen Produkten dargestellt werden sollen, dann m\u00fcssen diese Produkte als Fotografie erscheinen und d\u00fcrfen nicht gezeichnet werden.<br \/>\n\u2022 Die Charaktere \u201esprechen nicht\u201c: Das bedeutet, sie d\u00fcrfen nicht mit Sprechblasen dargestellt werden, es sei denn, dies erscheint auch so in dem Album, aus dem sie entnommen wurden. Dabei ist es verboten, den Text in der urspr\u00fcnglichen Sprechblase zu ver\u00e4ndern.<br \/>\n\u2022 Die Charaktere d\u00fcrfen nicht zusammen mit anderen Charakteren abgebildet werden, denen sie in den Alben nicht begegnet sind (mit Ausnahme bestimmter Abbildungen, wie beispielsweise das von Studio erstellte Familienfoto).<br \/>\n\u2022 Falls sich der Text unmittelbar auf die Charaktere bezieht, muss unbedingt eine f\u00fcr Comics typische Schriftart verwendet werden. Je nach Text kann eine Sprechblase, ein gelber Blitz oder ein Kasten verwendet werden.<br \/>\n\u2022 Auf \u201e-ix\u201c endende W\u00f6rter m\u00fcssen den Eigennamen der Charaktere vorbehalten bleiben, die aus der aus den Asterix-Abenteuern zusammengestellten Liste hervorgehen. Eigene Kreationen sind nicht zul\u00e4ssig.<\/p>\n<p>Sproing Publishing GmbH, Stand 29.04.2014<\/p>\n","protected":false},"excerpt":{"rendered":"<p>Nutzungsbedingungen Asterix &amp; Friends Sproing Publishing GmbH Die Sproing Publishing GmbH (nachfolgend mit \u201eSproing Publishing\u201c bezeichnet), Fernkorngasse 10, 1100 Wien, [&hellip;]<\/p>\n","protected":false},"author":23,"featured_media":0,"parent":0,"menu_order":0,"comment_status":"closed","ping_status":"closed","template":"","meta":{"ngg_post_thumbnail":0},"acf":[],"yoast_head":"<!-- This site is optimized with the Yoast SEO plugin v19.3 - https:\/\/yoast.com\/wordpress\/plugins\/seo\/ -->\n<title>Nutzungsbedingungen Sproing - Asterix &amp; Friends - Official Website<\/title>\n<meta name=\"robots\" content=\"index, follow, max-snippet:-1, max-image-preview:large, max-video-preview:-1\" \/>\n<link rel=\"canonical\" href=\"https:\/\/www.asterix-friends.com\/de\/nutzungsbedingungen-sproing\/\" \/>\n<meta name=\"twitter:label1\" content=\"Gesch\u00e4tzte Lesezeit\" \/>\n\t<meta name=\"twitter:data1\" content=\"4 Minuten\" \/>\n<script type=\"application\/ld+json\" class=\"yoast-schema-graph\">{\"@context\":\"https:\/\/schema.org\",\"@graph\":[{\"@type\":\"WebSite\",\"@id\":\"https:\/\/www.asterix-friends.com\/de\/#website\",\"url\":\"https:\/\/www.asterix-friends.com\/de\/\",\"name\":\"Asterix &amp; Friends - Official Website\",\"description\":\"Asterix &amp; Friends - the official Online and Mobile Game\",\"potentialAction\":[{\"@type\":\"SearchAction\",\"target\":{\"@type\":\"EntryPoint\",\"urlTemplate\":\"https:\/\/www.asterix-friends.com\/de\/?s={search_term_string}\"},\"query-input\":\"required name=search_term_string\"}],\"inLanguage\":\"de-DE\"},{\"@type\":\"WebPage\",\"@id\":\"https:\/\/www.asterix-friends.com\/de\/nutzungsbedingungen-sproing\/\",\"url\":\"https:\/\/www.asterix-friends.com\/de\/nutzungsbedingungen-sproing\/\",\"name\":\"Nutzungsbedingungen Sproing - Asterix &amp; Friends - Official Website\",\"isPartOf\":{\"@id\":\"https:\/\/www.asterix-friends.com\/de\/#website\"},\"datePublished\":\"2014-05-04T23:17:14+00:00\",\"dateModified\":\"2020-03-05T04:51:57+00:00\",\"breadcrumb\":{\"@id\":\"https:\/\/www.asterix-friends.com\/de\/nutzungsbedingungen-sproing\/#breadcrumb\"},\"inLanguage\":\"de-DE\",\"potentialAction\":[{\"@type\":\"ReadAction\",\"target\":[\"https:\/\/www.asterix-friends.com\/de\/nutzungsbedingungen-sproing\/\"]}]},{\"@type\":\"BreadcrumbList\",\"@id\":\"https:\/\/www.asterix-friends.com\/de\/nutzungsbedingungen-sproing\/#breadcrumb\",\"itemListElement\":[{\"@type\":\"ListItem\",\"position\":1,\"name\":\"Home\",\"item\":\"https:\/\/www.asterix-friends.com\/de\/\"},{\"@type\":\"ListItem\",\"position\":2,\"name\":\"Nutzungsbedingungen Sproing\"}]}]}<\/script>\n<!-- \/ Yoast SEO plugin. -->","yoast_head_json":{"title":"Nutzungsbedingungen Sproing - Asterix &amp; Friends - Official Website","robots":{"index":"index","follow":"follow","max-snippet":"max-snippet:-1","max-image-preview":"max-image-preview:large","max-video-preview":"max-video-preview:-1"},"canonical":"https:\/\/www.asterix-friends.com\/de\/nutzungsbedingungen-sproing\/","twitter_misc":{"Gesch\u00e4tzte Lesezeit":"4 Minuten"},"schema":{"@context":"https:\/\/schema.org","@graph":[{"@type":"WebSite","@id":"https:\/\/www.asterix-friends.com\/de\/#website","url":"https:\/\/www.asterix-friends.com\/de\/","name":"Asterix &amp; Friends - Official Website","description":"Asterix &amp; Friends - the official Online and Mobile Game","potentialAction":[{"@type":"SearchAction","target":{"@type":"EntryPoint","urlTemplate":"https:\/\/www.asterix-friends.com\/de\/?s={search_term_string}"},"query-input":"required name=search_term_string"}],"inLanguage":"de-DE"},{"@type":"WebPage","@id":"https:\/\/www.asterix-friends.com\/de\/nutzungsbedingungen-sproing\/","url":"https:\/\/www.asterix-friends.com\/de\/nutzungsbedingungen-sproing\/","name":"Nutzungsbedingungen Sproing - Asterix &amp; Friends - Official Website","isPartOf":{"@id":"https:\/\/www.asterix-friends.com\/de\/#website"},"datePublished":"2014-05-04T23:17:14+00:00","dateModified":"2020-03-05T04:51:57+00:00","breadcrumb":{"@id":"https:\/\/www.asterix-friends.com\/de\/nutzungsbedingungen-sproing\/#breadcrumb"},"inLanguage":"de-DE","potentialAction":[{"@type":"ReadAction","target":["https:\/\/www.asterix-friends.com\/de\/nutzungsbedingungen-sproing\/"]}]},{"@type":"BreadcrumbList","@id":"https:\/\/www.asterix-friends.com\/de\/nutzungsbedingungen-sproing\/#breadcrumb","itemListElement":[{"@type":"ListItem","position":1,"name":"Home","item":"https:\/\/www.asterix-friends.com\/de\/"},{"@type":"ListItem","position":2,"name":"Nutzungsbedingungen Sproing"}]}]}},"_links":{"self":[{"href":"https:\/\/www.asterix-friends.com\/de\/wp-json\/wp\/v2\/pages\/2155"}],"collection":[{"href":"https:\/\/www.asterix-friends.com\/de\/wp-json\/wp\/v2\/pages"}],"about":[{"href":"https:\/\/www.asterix-friends.com\/de\/wp-json\/wp\/v2\/types\/page"}],"author":[{"embeddable":true,"href":"https:\/\/www.asterix-friends.com\/de\/wp-json\/wp\/v2\/users\/23"}],"replies":[{"embeddable":true,"href":"https:\/\/www.asterix-friends.com\/de\/wp-json\/wp\/v2\/comments?post=2155"}],"version-history":[{"count":7,"href":"https:\/\/www.asterix-friends.com\/de\/wp-json\/wp\/v2\/pages\/2155\/revisions"}],"predecessor-version":[{"id":3412,"href":"https:\/\/www.asterix-friends.com\/de\/wp-json\/wp\/v2\/pages\/2155\/revisions\/3412"}],"wp:attachment":[{"href":"https:\/\/www.asterix-friends.com\/de\/wp-json\/wp\/v2\/media?parent=2155"}],"curies":[{"name":"wp","href":"https:\/\/api.w.org\/{rel}","templated":true}]}}