{"id":2138,"date":"2014-05-05T01:22:04","date_gmt":"2014-05-04T23:22:04","guid":{"rendered":"https:\/\/www.asterix-friends.com\/?page_id=2138"},"modified":"2020-03-09T06:56:04","modified_gmt":"2020-03-09T04:56:04","slug":"datenschutzhinweis-sproing","status":"publish","type":"page","link":"https:\/\/www.asterix-friends.com\/de\/datenschutzhinweis-sproing\/","title":{"rendered":"Datenschutzhinweis Sproing"},"content":{"rendered":"<h1>Datenschutzhinweis f\u00fcr die Nutzung unserer Spielangebote und der dazugeh\u00f6rigen Internetseiten.<\/h1>\n<p>Die Sproing Publishing GmbH (Fernkorngasse 10, 1100 Wien) freut sich \u00fcber Ihren Besuch auf dieser Internet-Seite. Datenschutz und Datensicherheit haben f\u00fcr die Sproing Publishing GmbH eine hohe Priorit\u00e4t. Deshalb ist uns der Schutz Ihrer personenbezogenen Daten w\u00e4hrend unserer gesamten Gesch\u00e4ftsprozesse ein besonderes Anliegen. F\u00fcr die Sproing Publishing GmbH gelten die gesetzlichen Vorschriften. Dieser Datenschutzhinweis erl\u00e4utert Ihnen, welche Informationen wir w\u00e4hrend Ihres Besuchs auf unseren Websites und der Nutzung unserer Spielangebote erfassen und wie diese genutzt werden. Er gilt nicht f\u00fcr Websites von Unternehmen, die ggf. einen Link zu dieser oder einer anderen Website von der Sproing Publishing GmbH enthalten. Vor der Nutzung des Spiels erkl\u00e4ren Sie sich damit einverstanden, dass personenbezogene Daten von der Sproing Publishing GmbH auf die in diesem Datenschutzhinweis dargelegte Weise erhoben und verwendet werden. Eine Verwendung von Nutzerdaten ist f\u00fcr die technische Inanspruchnahme, f\u00fcr die kommunikative Ausgestaltung und die Behebung technischer St\u00f6rungen erforderlich.<\/p>\n<h2>1 Datenerhebung durch die Sproing Publishing GmbH<\/h2>\n<p>Wenn Sie unsere Internet-Seiten besuchen, verzeichnen unsere Web-Server tempor\u00e4r den Domain-Namen oder die IP- Adresse des anfragenden Rechners, die Dateianfrage des Clients (Dateiname und URL), den http-Antwort-Code und die Internet-Seite, von der aus Sie uns besuchen. Vor der Nutzung des Spiels haben Sie die M\u00f6glichkeit sich dar\u00fcber zu informieren, dass personenbezogene Daten von der Sproing Publishing GmbH auf die in diesem Datenschutzhinweis dargelegte Weise erhoben und verwendet werden. Eine Verwendung von Nutzerdaten ist f\u00fcr die technische Inanspruchnahme, f\u00fcr die kommunikative Ausgestaltung und die Behebung technischer St\u00f6rungen erforderlich. Als Nutzer unserer Spielangebote erlauben Sie der Sproing Publishing GmbH mit Ihrer Teilnahme am Spiel, Ihre Daten f\u00fcr die Durchf\u00fchrung des Spiels zu verwenden, um Ihnen ein sicheres, reibungsloses und effizientes Spielerlebnis zu bieten. Um das Spiel nutzen zu k\u00f6nnen ben\u00f6tigen wir folgende Daten von Ihnen:<\/p>\n<p>Vertragsdaten:<br \/>\nVertragsdaten sind alle Informationen, die zur Identifikation des jeweiligen Kundenaccounts erforderlich sind, unabh\u00e4ngig vom jeweiligen Nutzungsverhalten. Zu Ihren Vertragsdaten geh\u00f6ren die E-Mail-Adresse sowie Ihr Passwort. Zudem speichern wir zu jedem Account eine Kundennummer, die Sie in Ihrem Accountverwaltungsbereich unter <a href=\"https:\/\/global.telekom.com\/gcp-web-csc\/10000024\/\" target=\"_blank\">https:\/\/global.telekom.com\/gcp-web-csc\/10000024\/<\/a> einsehen k\u00f6nnen. Diese Datenangaben sind Voraussetzung zur Nutzung des Spiels. Ihre E-Mail-Adresse fungiert hierbei als Benutzername. Wir ben\u00f6tigen diese, um Sie als Nutzer eindeutig identifizieren zu k\u00f6nnen und die f\u00fcr Sie passende Spiel- und Systemkonfiguration zur Verf\u00fcgung stellen zu k\u00f6nnen. Gleichzeitig ist die Eingabe Ihrer g\u00fcltigen E-Mail- Adresse f\u00fcr den Fall der Passwortr\u00fccksetzung erforderlich. Die Angabe weiterer Daten ist freiwillig, erleichtert uns aber Ihre Verifizierung und Identifizierung wenn Sie z. B. Fragen zum Spiel haben und unseren Kundenservice in Anspruch nehmen m\u00f6chten.<br \/>\nSollten Sie uns dar\u00fcber hinaus Ihre Einwilligung geben, Sie \u00fcber Neuigkeiten zu unseren Angeboten zu informieren, ist es erforderlich, dass Sie die angegebene Mail-Adresse bzw. Ihre Einwilligung zun\u00e4chst nochmals best\u00e4tigen. Hierzu klicken Sie einfach auf den entsprechenden Link, der Ihnen an Ihre E-Mail-Adresse nach Anklicken der Einwilligungsoption zugesendet wird.<\/p>\n<p>Folgende allgemeine Nutzungsdaten werden bei der Sproing Publishing GmbH gespeichert:<br \/>\n\u2022 anonyme Nutzer-ID innerhalb des Spiels<br \/>\n\u2022 Nutzername f\u00fcr jedes Spiel<br \/>\n\u2022 L\u00e4nder- und Sprachkennzeichnung<br \/>\n\u2022 IP-Adresse (zur Sprachlokalisierung)<\/p>\n<p>Transaktionsdaten:<br \/>\nTransaktionsdaten sind alle Informationen, die zur Verbuchung einer Zahlungsanweisung erforderlich sind und nicht vom jeweiligen Bezahldienstleister erhoben werden.<br \/>\nFolgende allgemeine Transaktionsdaten werden bei der Sproing Publishing GmbH pro Kauf gespeichert:<br \/>\n\u2022 Transaktionskennung<br \/>\n\u2022 Transaktionsverlauf<br \/>\n\u2022 Transaktionswert (Spielw\u00e4hrung)<br \/>\n\u2022 Produktbeschreibung<br \/>\n\u2022 Zeitpunkt der Transaktion<br \/>\n\u2022 Zeitpunkt der letzten \u00c4nderung der Transaktion<br \/>\n\u2022 Benutztes Bezahlverfahren<br \/>\n\u2022 Mehrwertsteuersatz<br \/>\n\u2022 W\u00e4hrung<br \/>\n\u2022 L\u00e4nderkennung<\/p>\n<p>3rd-Party-Daten:<br \/>\nHierbei handelt es sich um die Daten Dritter, die uns f\u00fcr die Dauer der Sitzung vom Drittservice zur Authentifizierung bereitgestellt werden. Hierbei handelt es sich lediglich um die Identit\u00e4t des Nutzers. Die Login-\/Kennwort-Kombination verbleibt bei dem jeweiligen Anbieter.<br \/>\nUnter diese Drittanbieter fallen unter anderem:<br \/>\n\u2022 Facebook<br \/>\n\u2022 Yahoo<br \/>\n\u2022 Windows Live<br \/>\n\u2022 Google+<br \/>\n\u2022 PayPal<\/p>\n<h2>2 Bezahlverfahren<\/h2>\n<p>F\u00fcr die Bezahlung \u00fcber angebotene Zahlverfahren arbeiten wir mit folgenden Unternehmen zusammen:<\/p>\n<p><strong>Bezahlung per Download Geschenkkarte<\/strong><br \/>\nDeutsche Telekom AG<br \/>\nT-Online-Allee 1<br \/>\n64295 Darmstadt<\/p>\n<p><strong>Bezahlung per Online \u00dcberweisung<\/strong><br \/>\nDeutsche Telekom AG<br \/>\nT-Online-Allee 1<br \/>\n64295 Darmstadt<\/p>\n<p><strong>Bezahlung per Telekom-Rechnung<\/strong><br \/>\nIm Falle der Bezahlung per Telekom-Rechnung ben\u00f6tigen Sie Ihre t-online.de E-Mail-Adresse und Ihr Passwort.<br \/>\nTelekom Deutschland GmbH<br \/>\nLandgrabenweg 151<br \/>\n53227 Bonn<\/p>\n<p><strong>Bezahlung per ClickandBuy<\/strong><br \/>\nClickandBuy International Limited<br \/>\nLincoln House<br \/>\n137\/143 Hammersmith Road<br \/>\nLondon W14 0QL<br \/>\nGro\u00dfbritannien<\/p>\n<p><strong>Bezahlung per PayPal<\/strong><br \/>\nPayPal Europe<br \/>\n5. Etage<br \/>\n22-24 Boulevard Royal<br \/>\nL-2449, Luxemburg<br \/>\nLuxemburg<\/p>\n<p><strong>Bezahlung per Handy<\/strong><br \/>\nBesondere Hinweise f\u00fcr die Transaktion per &#8222;Bezahlen per Handy\/ MPASS&#8220;: F\u00fcr die Erf\u00fcllung und Durchf\u00fchrung des mit Ihnen geschlossenen Vertrages ist die Speicherung der w\u00e4hrend der Transaktion angegebenen Mobilfunk-Rufnummer (MSISDN) notwendig.<br \/>\nMobile Business Engine GmbH<br \/>\nChausseestrasse 5<br \/>\n10115 Berlin-Mitte<\/p>\n<p><strong>Bezahlung per Kreditkarte<\/strong><br \/>\n<em>Payment Service Provider<\/em><br \/>\nEOS Payment Solutions GmbH &amp; Co. KG<br \/>\nSteindamm 80<br \/>\n20099 Hamburg<\/p>\n<p><em>Visa und Mastercard Kreditkartenacquirer<\/em><br \/>\nConCardis GmbH<br \/>\nSolmsstra\u00dfe 4<br \/>\nD-60486 Frankfurt am Main<\/p>\n<p><strong>Wiederholungskauf<\/strong><br \/>\nWir bieten Ihnen zudem die M\u00f6glichkeit, sich f\u00fcr ein schnelleres und bequemeres Bezahlen anzumelden. F\u00fcr diese M\u00f6glichkeit, die wir f\u00fcr die Bezahlverfahren Kreditkarte, PayPal, ClickandBuy, Bezahlung per Online-\u00dcberweisung und Bezahlen per Handy (Telekom) anbieten, k\u00f6nnen Sie sich am Ende des Bezahlvorgangs anmelden. Ihre Zahlungsdaten werden dabei nur bei den betreffenden Payment Service Providern gespeichert. Sie k\u00f6nnen sich von diesem Verfahren jederzeit wieder abmelden, indem Sie in Ihren pers\u00f6nlichen Bereich (My Login\/Mein Account) ihr bestehendes Verfahren l\u00f6schen. Bei PayPal und ClickandBuy k\u00f6nnen Sie auch direkt bei den Anbietern die Autorisierung widerrufen.<\/p>\n<h2>3 Cookies<\/h2>\n<p>Unsere Internetseiten und angebotenen Spielinhalte setzen sowohl Session-Cookies, die mit Schlie\u00dfen des Browsers gel\u00f6scht werden, als auch Cookies, die dauerhaft auf Ihrem Rechner gespeichert werden, ein. Cookies sind kleine Textdateien, die dem Austausch von Informationen zwischen Computerprogrammen oder der Archivierung von Informationen dienen. Die Cookies unserer Internetseiten erheben keine pers\u00f6nlichen Daten \u00fcber Sie. Sie k\u00f6nnen die Installation der Cookies durch eine entsprechende Einstellung Ihrer Browser-Software verhindern. Wir weisen Sie jedoch darauf hin, dass Sie in diesem Fall gegebenenfalls nicht s\u00e4mtliche Funktionen dieser Internetseiten voll umf\u00e4nglich nutzen k\u00f6nnen. Wir legen Nutzungsprofile zu Zwecken der Werbung und Marktforschung in pseudonymisierter Form an, so dass kein unmittelbarer R\u00fcckschluss auf Sie m\u00f6glich ist. Sie haben jederzeit die M\u00f6glichkeit, einer Verwendung zu widersprechen in Form einer \u201eOpt out\u201c-Funktion. Hinweise zur Nutzung der einzelnen \u201eOpt out\u201c- Funktionen finden Sie in den folgenden Abs\u00e4tzen:<\/p>\n<h2><strong>4 Statistische Messverfahren<\/strong><\/h2>\n<p><strong>HoneyTracks Games Analytics<\/strong><br \/>\n<span style=\"line-height: 1.714285714; font-size: 1rem;\">Im Rahmen der st\u00e4ndigen Qualit\u00e4tssteigerung und zur Sicherstellung einer hohen \u00dcbereinstimmung der angebotenen Spielinhalte mit den Interessen unserer Besucher, setzen wir die Analyseverfahren von HoneyTracks GmbH (Grafinger Str. 6, 81671 M\u00fcnchen, Deutschland) zur statistischen Datenerhebung innerhalb eines Spieles ein. Hier werden Daten wie IP-Adresse und benutzter Browser von einem externen Dienstleister gespeichert. Die Server des Dienstleisters befinden sich in Mitgliedsstaaten der EU. Bei diesem Verfahren werden die Daten bereits bei Erhebung anonymisiert und in aggregierter Form ausgewertet. Wir haben keinen Einfluss darauf, wie lange die Informationen bei HoneyTracks gespeichert werden. Sie haben die M\u00f6glichkeit, der Datenerhebung innerhalb eines Spiels zu widersprechen, indem Sie uns eine Datenspeicherung aktiv untersagen. Bitte richten Sie hierzu Ihren Widerspruch unter Angabe Ihrer Nutzerkennung (E-Mail-Adresse) in schriftlicher Form an:<\/span><\/p>\n<p>Herrn Alexander Hendler<br \/>\nSproing Interactive Media GmbH<br \/>\nFernkorngasse 10<br \/>\n1100 Wien<\/p>\n<p>Bitte beachten Sie, dass eine weitere Nutzung unserer Spielangebote nach erfolgtem Widerspruch nicht mehr m\u00f6glich ist und Ihr Spieleaccount f\u00fcr die weitere Nutzung gesperrt wird.<\/p>\n<h2>5 Freiwillige Angaben und Kontaktaufnahme<\/h2>\n<p>Wenn Sie Anfragen an uns richten erhalten wir Daten von Ihnen, um Ihren Wunsch bearbeiten zu k\u00f6nnen. Die Nutzung dieser Daten erfolgt freiwillig und nur in dem jeweils erforderlichen Umfang oder soweit Sie dem zuvor zugestimmt haben. Wir haben die Firma Edelmann Interactive GmbH, Kirchgasse 2, 97299 Zell, GER (http:\/\/www.edelmann- interactive.com\/)(beauftragt, uns bei der Bereitstellung des Dienstes zu unterst\u00fctzen. Die Speicherung dieser Daten findet auf Servern in der Bundesrepublik Deutschland statt.<\/p>\n<h2>6 \u00c4nderung, Sperrung und L\u00f6schung von Daten<\/h2>\n<p>Sie k\u00f6nnen in Ihrem pers\u00f6nlichen Bereich alle Kundendaten einsehen. Bei konkreten W\u00fcnschen bez\u00fcglich Sperrung oder L\u00f6schung Ihrer personenbezogenen Daten wenden Sie sich bitte unter Angabe Ihrer Nutzerkennung (E-Mail- Adresse) an den Kundenservice zum jeweiligen Spiel. Die erforderlichen Kontaktdaten (E-Mail-Adresse) finden Sie u. a. im Impressum des jeweiligen Spiels. Bitte beachten Sie, dass eine Datenl\u00f6schung jedoch erst nach Abschluss aller offenen vertraglichen Pflichten vorgenommen werden kann. Ansonsten tritt anstatt einer L\u00f6schung vorl\u00e4ufig eine Sperrung in Kraft, d. h. die Daten sind von einer weiteren Nutzung ausgenommen.<br \/>\nBeachten Sie bitte auch, dass Ihnen dann die erworbenen Inhalte nicht mehr zur Verf\u00fcgung stehen. Zum Schutz Ihrer bei uns vorgehaltenen personenbezogenen Daten vor unberechtigtem Zugriff und Missbrauch haben wir umfangreiche technische und betriebliche Sicherheitsvorkehrungen getroffen.<\/p>\n<h2>7 Weitergabe an Dritte<\/h2>\n<p>Eine Weitergabe personenbezogener Daten an Dritte erfolgt nur nach ausdr\u00fccklicher Einwilligung des Betroffenen. Unsere Vertragspartner werden von uns vertraglich verpflichtet, Ihre Daten vertraulich und entsprechend den gesetzlichen Vorschriften zu behandeln. Dar\u00fcber hinaus werden personenbezogene Daten nicht an Dritte weitergegeben, es sei denn an staatliche Stellen, wenn dies gesetzlich vorgeschrieben ist. Au\u00dferdem sind wir gem\u00e4\u00df \u00a7 18 Absatz 4 E-Commerce Gesetz verpflichtet, Namen und Adresse eines Nutzers auf Verlangen dritten Personen zu \u00fcbermitteln, sofern diese ein \u00fcberwiegendes rechtliches Interesse an der Feststellung der Identit\u00e4t des Nutzers und eines bestimmten rechtswidrigen Sachverhalts sowie \u00fcberdies glaubhaft machen, dass die Kenntnis dieser Informationen eine wesentliche Voraussetzung f\u00fcr die Rechtsverfolgung bildet.<\/p>\n<h2>8 Beratung, Information und Marktforschung<\/h2>\n<p>Ob wir Ihre Daten zu eigenen Marketingzwecken nutzen d\u00fcrfen, k\u00f6nnen Sie im Rahmen Ihrer Anmeldung selbst bestimmen. Sie erhalten von uns nur Werbeinformationen sofern Sie einer solchen Nutzung einwilligen. Sie haben jederzeit die Option, einer solchen Nutzung zu widersprechen.<\/p>\n<h2>9 Auskunft nach \u00a7 26 Datenschutzgesetz 2000<\/h2>\n<p>Nat\u00fcrlich geben wir Ihnen Auskunft, welche Daten wir von Ihnen erfasst haben. Aus Identifikationsgr\u00fcnden zum Schutz vor Missbrauch k\u00f6nnen wir Ihnen keine telefonische Auskunft geben. Eine Benachrichtigung erfolgt schriftlich per Post oder E-Mail.<\/p>\n<h2>10 Ansprechpartner<\/h2>\n<p>Wenn Sie Fragen zum Thema Datenschutz bei der Sproing Publishing GmbH haben, k\u00f6nnen Sie Anfragen oder Anregungen gerne per Brief an die folgende Adresse senden:<\/p>\n<p>Sproing Publishing GmbH<br \/>\nFernkorngasse 10<br \/>\n1100 Wien<\/p>\n<p>Zum Schutz Ihrer bei uns vorgehaltenen personenbezogenen Daten vor unberechtigtem Zugriff und Missbrauch haben wir umfangreiche technische und betriebliche Sicherheitsvorkehrungen getroffen. F\u00fcr den Fall einer Abweichung zwischen der deutschen und einer anderssprachigen Fassung der Datenschutzhinweise geht die deutsche Fassung der anderssprachigen Fassung vor.<\/p>\n<p>Ihre Sproing Publishing GmbH<\/p>\n<p><em>Sproing Publishing GmbH, Stand 29.04.2014<\/em><\/p>\n","protected":false},"excerpt":{"rendered":"<p>Datenschutzhinweis f\u00fcr die Nutzung unserer Spielangebote und der dazugeh\u00f6rigen Internetseiten. Die Sproing Publishing GmbH (Fernkorngasse 10, 1100 Wien) freut sich [&hellip;]<\/p>\n","protected":false},"author":23,"featured_media":0,"parent":0,"menu_order":0,"comment_status":"closed","ping_status":"closed","template":"","meta":{"ngg_post_thumbnail":0},"acf":[],"yoast_head":"<!-- This site is optimized with the Yoast SEO plugin v19.3 - https:\/\/yoast.com\/wordpress\/plugins\/seo\/ -->\n<title>Datenschutzhinweis Sproing - Asterix &amp; Friends - Official Website<\/title>\n<meta name=\"robots\" content=\"index, follow, max-snippet:-1, max-image-preview:large, max-video-preview:-1\" \/>\n<link rel=\"canonical\" href=\"https:\/\/www.asterix-friends.com\/de\/datenschutzhinweis-sproing\/\" \/>\n<meta name=\"twitter:label1\" content=\"Gesch\u00e4tzte Lesezeit\" \/>\n\t<meta name=\"twitter:data1\" content=\"9 Minuten\" \/>\n<script type=\"application\/ld+json\" class=\"yoast-schema-graph\">{\"@context\":\"https:\/\/schema.org\",\"@graph\":[{\"@type\":\"WebSite\",\"@id\":\"https:\/\/www.asterix-friends.com\/de\/#website\",\"url\":\"https:\/\/www.asterix-friends.com\/de\/\",\"name\":\"Asterix &amp; Friends - Official Website\",\"description\":\"Asterix &amp; Friends - the official Online and Mobile Game\",\"potentialAction\":[{\"@type\":\"SearchAction\",\"target\":{\"@type\":\"EntryPoint\",\"urlTemplate\":\"https:\/\/www.asterix-friends.com\/de\/?s={search_term_string}\"},\"query-input\":\"required name=search_term_string\"}],\"inLanguage\":\"de-DE\"},{\"@type\":\"WebPage\",\"@id\":\"https:\/\/www.asterix-friends.com\/de\/datenschutzhinweis-sproing\/\",\"url\":\"https:\/\/www.asterix-friends.com\/de\/datenschutzhinweis-sproing\/\",\"name\":\"Datenschutzhinweis Sproing - Asterix &amp; Friends - Official Website\",\"isPartOf\":{\"@id\":\"https:\/\/www.asterix-friends.com\/de\/#website\"},\"datePublished\":\"2014-05-04T23:22:04+00:00\",\"dateModified\":\"2020-03-09T04:56:04+00:00\",\"breadcrumb\":{\"@id\":\"https:\/\/www.asterix-friends.com\/de\/datenschutzhinweis-sproing\/#breadcrumb\"},\"inLanguage\":\"de-DE\",\"potentialAction\":[{\"@type\":\"ReadAction\",\"target\":[\"https:\/\/www.asterix-friends.com\/de\/datenschutzhinweis-sproing\/\"]}]},{\"@type\":\"BreadcrumbList\",\"@id\":\"https:\/\/www.asterix-friends.com\/de\/datenschutzhinweis-sproing\/#breadcrumb\",\"itemListElement\":[{\"@type\":\"ListItem\",\"position\":1,\"name\":\"Home\",\"item\":\"https:\/\/www.asterix-friends.com\/de\/\"},{\"@type\":\"ListItem\",\"position\":2,\"name\":\"Datenschutzhinweis Sproing\"}]}]}<\/script>\n<!-- \/ Yoast SEO plugin. -->","yoast_head_json":{"title":"Datenschutzhinweis Sproing - Asterix &amp; Friends - Official Website","robots":{"index":"index","follow":"follow","max-snippet":"max-snippet:-1","max-image-preview":"max-image-preview:large","max-video-preview":"max-video-preview:-1"},"canonical":"https:\/\/www.asterix-friends.com\/de\/datenschutzhinweis-sproing\/","twitter_misc":{"Gesch\u00e4tzte Lesezeit":"9 Minuten"},"schema":{"@context":"https:\/\/schema.org","@graph":[{"@type":"WebSite","@id":"https:\/\/www.asterix-friends.com\/de\/#website","url":"https:\/\/www.asterix-friends.com\/de\/","name":"Asterix &amp; Friends - Official Website","description":"Asterix &amp; Friends - the official Online and Mobile Game","potentialAction":[{"@type":"SearchAction","target":{"@type":"EntryPoint","urlTemplate":"https:\/\/www.asterix-friends.com\/de\/?s={search_term_string}"},"query-input":"required name=search_term_string"}],"inLanguage":"de-DE"},{"@type":"WebPage","@id":"https:\/\/www.asterix-friends.com\/de\/datenschutzhinweis-sproing\/","url":"https:\/\/www.asterix-friends.com\/de\/datenschutzhinweis-sproing\/","name":"Datenschutzhinweis Sproing - Asterix &amp; Friends - Official Website","isPartOf":{"@id":"https:\/\/www.asterix-friends.com\/de\/#website"},"datePublished":"2014-05-04T23:22:04+00:00","dateModified":"2020-03-09T04:56:04+00:00","breadcrumb":{"@id":"https:\/\/www.asterix-friends.com\/de\/datenschutzhinweis-sproing\/#breadcrumb"},"inLanguage":"de-DE","potentialAction":[{"@type":"ReadAction","target":["https:\/\/www.asterix-friends.com\/de\/datenschutzhinweis-sproing\/"]}]},{"@type":"BreadcrumbList","@id":"https:\/\/www.asterix-friends.com\/de\/datenschutzhinweis-sproing\/#breadcrumb","itemListElement":[{"@type":"ListItem","position":1,"name":"Home","item":"https:\/\/www.asterix-friends.com\/de\/"},{"@type":"ListItem","position":2,"name":"Datenschutzhinweis Sproing"}]}]}},"_links":{"self":[{"href":"https:\/\/www.asterix-friends.com\/de\/wp-json\/wp\/v2\/pages\/2138"}],"collection":[{"href":"https:\/\/www.asterix-friends.com\/de\/wp-json\/wp\/v2\/pages"}],"about":[{"href":"https:\/\/www.asterix-friends.com\/de\/wp-json\/wp\/v2\/types\/page"}],"author":[{"embeddable":true,"href":"https:\/\/www.asterix-friends.com\/de\/wp-json\/wp\/v2\/users\/23"}],"replies":[{"embeddable":true,"href":"https:\/\/www.asterix-friends.com\/de\/wp-json\/wp\/v2\/comments?post=2138"}],"version-history":[{"count":5,"href":"https:\/\/www.asterix-friends.com\/de\/wp-json\/wp\/v2\/pages\/2138\/revisions"}],"predecessor-version":[{"id":3443,"href":"https:\/\/www.asterix-friends.com\/de\/wp-json\/wp\/v2\/pages\/2138\/revisions\/3443"}],"wp:attachment":[{"href":"https:\/\/www.asterix-friends.com\/de\/wp-json\/wp\/v2\/media?parent=2138"}],"curies":[{"name":"wp","href":"https:\/\/api.w.org\/{rel}","templated":true}]}}