{"id":2105,"date":"2014-05-05T01:19:25","date_gmt":"2014-05-04T23:19:25","guid":{"rendered":"https:\/\/www.asterix-friends.com\/?page_id=2105"},"modified":"2014-05-05T01:19:25","modified_gmt":"2014-05-04T23:19:25","slug":"chat-regeln-sproing","status":"publish","type":"page","link":"https:\/\/www.asterix-friends.com\/de\/chat-regeln-sproing\/","title":{"rendered":"Chat Regeln"},"content":{"rendered":"<h1>Chat Regeln<\/h1>\n<p>Die Sproing Publishing GmbH stellt im Rahmen des Spiels Asterix &amp; Friends diverse Tools zur Kommunikation zwischen den Spielern bereit. Damit wir allen Spielern eine attraktive, sichere und gesetzlich gesch\u00fctzte Umgebung bieten k\u00f6nnen, haben wir Grunds\u00e4tze zum Speichern und Aufrufen versandter und erhaltener Ingame-Chats und Nachrichten formuliert:<\/p>\n<p>Die Sproing Publishing GmbH ist sowohl berechtigt, Ingame-Chats und andere Nachrichten zu speichern die der Nutzer sendet oder empf\u00e4ngt, als auch diese Ingame-Chats und sonstige Nachrichten daraufhin zu pr\u00fcfen, ob m\u00f6gliche Verst\u00f6\u00dfe gegen geltendes Recht, die Nutzungsbedingungen, AGB oder die Forenregeln und Netiquette vorliegen. Die Sproing Publishing GmbH nutzt die gespeicherten Spiel-Chats nur zur Untersuchung solcher Verst\u00f6\u00dfe und zum eventuellen Ergreifen erforderlicher Ma\u00dfnahmen wie beispielsweise Verwarnung des Nutzers oder Sperrung des Nutzer-Accounts.<\/p>\n<p>Mit best\u00e4tigen dieser Chat-Regeln stimmt der Nutzer ausdr\u00fccklich der Speicherung der Ingame- Chats f\u00fcr einen Zeitraum von 4 Wochen zu und erkl\u00e4rt sich mit allen Regelungen zum Chat einverstanden. Diese Zustimmung zur Verwendung der personenbezogenen Daten des Nutzers kann jederzeit widerrufen werden.<\/p>\n<p><strong>Bitte beachten Sie, dass eine weitere Nutzung unserer Spielangebote nach erfolgtem Widerspruch nicht mehr m\u00f6glich ist und Ihr Spieleaccount f\u00fcr die weitere Nutzung gesperrt wird!<\/strong><\/p>\n","protected":false},"excerpt":{"rendered":"<p>Chat Regeln Die Sproing Publishing GmbH stellt im Rahmen des Spiels Asterix &amp; Friends diverse Tools zur Kommunikation zwischen den [&hellip;]<\/p>\n","protected":false},"author":23,"featured_media":0,"parent":0,"menu_order":0,"comment_status":"closed","ping_status":"closed","template":"","meta":{"ngg_post_thumbnail":0},"acf":[],"yoast_head":"<!-- This site is optimized with the Yoast SEO plugin v19.3 - https:\/\/yoast.com\/wordpress\/plugins\/seo\/ -->\n<title>Chat Regeln - Asterix &amp; Friends - Official Website<\/title>\n<meta name=\"robots\" content=\"index, follow, max-snippet:-1, max-image-preview:large, max-video-preview:-1\" \/>\n<link rel=\"canonical\" href=\"https:\/\/www.asterix-friends.com\/de\/chat-regeln-sproing\/\" \/>\n<meta name=\"twitter:label1\" content=\"Gesch\u00e4tzte Lesezeit\" \/>\n\t<meta name=\"twitter:data1\" content=\"1 Minute\" \/>\n<script type=\"application\/ld+json\" class=\"yoast-schema-graph\">{\"@context\":\"https:\/\/schema.org\",\"@graph\":[{\"@type\":\"WebSite\",\"@id\":\"https:\/\/www.asterix-friends.com\/de\/#website\",\"url\":\"https:\/\/www.asterix-friends.com\/de\/\",\"name\":\"Asterix &amp; Friends - Official Website\",\"description\":\"Asterix &amp; Friends - the official Online and Mobile Game\",\"potentialAction\":[{\"@type\":\"SearchAction\",\"target\":{\"@type\":\"EntryPoint\",\"urlTemplate\":\"https:\/\/www.asterix-friends.com\/de\/?s={search_term_string}\"},\"query-input\":\"required name=search_term_string\"}],\"inLanguage\":\"de-DE\"},{\"@type\":\"WebPage\",\"@id\":\"https:\/\/www.asterix-friends.com\/de\/chat-regeln-sproing\/\",\"url\":\"https:\/\/www.asterix-friends.com\/de\/chat-regeln-sproing\/\",\"name\":\"Chat Regeln - Asterix &amp; Friends - Official Website\",\"isPartOf\":{\"@id\":\"https:\/\/www.asterix-friends.com\/de\/#website\"},\"datePublished\":\"2014-05-04T23:19:25+00:00\",\"dateModified\":\"2014-05-04T23:19:25+00:00\",\"breadcrumb\":{\"@id\":\"https:\/\/www.asterix-friends.com\/de\/chat-regeln-sproing\/#breadcrumb\"},\"inLanguage\":\"de-DE\",\"potentialAction\":[{\"@type\":\"ReadAction\",\"target\":[\"https:\/\/www.asterix-friends.com\/de\/chat-regeln-sproing\/\"]}]},{\"@type\":\"BreadcrumbList\",\"@id\":\"https:\/\/www.asterix-friends.com\/de\/chat-regeln-sproing\/#breadcrumb\",\"itemListElement\":[{\"@type\":\"ListItem\",\"position\":1,\"name\":\"Home\",\"item\":\"https:\/\/www.asterix-friends.com\/de\/\"},{\"@type\":\"ListItem\",\"position\":2,\"name\":\"Chat Regeln\"}]}]}<\/script>\n<!-- \/ Yoast SEO plugin. -->","yoast_head_json":{"title":"Chat Regeln - Asterix &amp; Friends - Official Website","robots":{"index":"index","follow":"follow","max-snippet":"max-snippet:-1","max-image-preview":"max-image-preview:large","max-video-preview":"max-video-preview:-1"},"canonical":"https:\/\/www.asterix-friends.com\/de\/chat-regeln-sproing\/","twitter_misc":{"Gesch\u00e4tzte Lesezeit":"1 Minute"},"schema":{"@context":"https:\/\/schema.org","@graph":[{"@type":"WebSite","@id":"https:\/\/www.asterix-friends.com\/de\/#website","url":"https:\/\/www.asterix-friends.com\/de\/","name":"Asterix &amp; Friends - Official Website","description":"Asterix &amp; Friends - the official Online and Mobile Game","potentialAction":[{"@type":"SearchAction","target":{"@type":"EntryPoint","urlTemplate":"https:\/\/www.asterix-friends.com\/de\/?s={search_term_string}"},"query-input":"required name=search_term_string"}],"inLanguage":"de-DE"},{"@type":"WebPage","@id":"https:\/\/www.asterix-friends.com\/de\/chat-regeln-sproing\/","url":"https:\/\/www.asterix-friends.com\/de\/chat-regeln-sproing\/","name":"Chat Regeln - Asterix &amp; Friends - Official Website","isPartOf":{"@id":"https:\/\/www.asterix-friends.com\/de\/#website"},"datePublished":"2014-05-04T23:19:25+00:00","dateModified":"2014-05-04T23:19:25+00:00","breadcrumb":{"@id":"https:\/\/www.asterix-friends.com\/de\/chat-regeln-sproing\/#breadcrumb"},"inLanguage":"de-DE","potentialAction":[{"@type":"ReadAction","target":["https:\/\/www.asterix-friends.com\/de\/chat-regeln-sproing\/"]}]},{"@type":"BreadcrumbList","@id":"https:\/\/www.asterix-friends.com\/de\/chat-regeln-sproing\/#breadcrumb","itemListElement":[{"@type":"ListItem","position":1,"name":"Home","item":"https:\/\/www.asterix-friends.com\/de\/"},{"@type":"ListItem","position":2,"name":"Chat Regeln"}]}]}},"_links":{"self":[{"href":"https:\/\/www.asterix-friends.com\/de\/wp-json\/wp\/v2\/pages\/2105"}],"collection":[{"href":"https:\/\/www.asterix-friends.com\/de\/wp-json\/wp\/v2\/pages"}],"about":[{"href":"https:\/\/www.asterix-friends.com\/de\/wp-json\/wp\/v2\/types\/page"}],"author":[{"embeddable":true,"href":"https:\/\/www.asterix-friends.com\/de\/wp-json\/wp\/v2\/users\/23"}],"replies":[{"embeddable":true,"href":"https:\/\/www.asterix-friends.com\/de\/wp-json\/wp\/v2\/comments?post=2105"}],"version-history":[{"count":18,"href":"https:\/\/www.asterix-friends.com\/de\/wp-json\/wp\/v2\/pages\/2105\/revisions"}],"predecessor-version":[{"id":2196,"href":"https:\/\/www.asterix-friends.com\/de\/wp-json\/wp\/v2\/pages\/2105\/revisions\/2196"}],"wp:attachment":[{"href":"https:\/\/www.asterix-friends.com\/de\/wp-json\/wp\/v2\/media?parent=2105"}],"curies":[{"name":"wp","href":"https:\/\/api.w.org\/{rel}","templated":true}]}}