{"id":2102,"date":"2014-05-05T01:12:24","date_gmt":"2014-05-04T23:12:24","guid":{"rendered":"https:\/\/www.asterix-friends.com\/?page_id=2102"},"modified":"2014-05-06T00:24:06","modified_gmt":"2014-05-05T22:24:06","slug":"migrationszustimmung","status":"publish","type":"page","link":"https:\/\/www.asterix-friends.com\/de\/migrationszustimmung\/","title":{"rendered":"Migrationszustimmung"},"content":{"rendered":"<h1>Migrationszustimmung<\/h1>\n<p>Mit meiner Registrierung stimme ich der Migration meiner Daten zur Sproing Publishing GmbH zu. Im Zuge der Migration, welche am 27.05.2014 durchgef\u00fchrt wird, werden unter anderem folgende Daten von der Deutschen Telekom AG an Sproing \u00fcbergeben:<\/p>\n<ul>\n<li><span style=\"line-height: 1.714285714; font-size: 1rem;\">Accountdaten (z.B. E-Mail Adresse und Passwort)<\/span><\/li>\n<li><span style=\"line-height: 1.714285714; font-size: 1rem;\">Spieldaten (z.B. Spielername,\u00a0 Ressourcenanzahl, Items und Premiumw\u00e4hrung)<\/span><\/li>\n<li><span style=\"line-height: 1.714285714; font-size: 1rem;\">und Paymentdaten (z.B. Einkaufhistorie)<\/span><\/li>\n<\/ul>\n<p>Die neuen <a title=\"Allgemeine Gesch\u00e4ftsbedingungen\" href=\"\/de\/agb-sproing\/\">Allgemeinen Gesch\u00e4ftsbedingungen (AGB) von Sproing<\/a> k\u00f6nnt ihr hier bereits einsehen. F\u00fcr mehr Informationen \u00fcber den Wechsel besucht bitte unser <a title=\"FAQs\" href=\"https:\/\/www.asterix-friends.com\/de\/migration-faq\/\" target=\"_blank\">FAQ<\/a>.<\/p>\n","protected":false},"excerpt":{"rendered":"<p>Migrationszustimmung Mit meiner Registrierung stimme ich der Migration meiner Daten zur Sproing Publishing GmbH zu. Im Zuge der Migration, welche [&hellip;]<\/p>\n","protected":false},"author":23,"featured_media":0,"parent":0,"menu_order":0,"comment_status":"closed","ping_status":"closed","template":"","meta":{"ngg_post_thumbnail":0},"acf":[],"yoast_head":"<!-- This site is optimized with the Yoast SEO plugin v19.3 - https:\/\/yoast.com\/wordpress\/plugins\/seo\/ -->\n<title>Migrationszustimmung - Asterix &amp; Friends - Official Website<\/title>\n<meta name=\"robots\" content=\"index, follow, max-snippet:-1, max-image-preview:large, max-video-preview:-1\" \/>\n<link rel=\"canonical\" href=\"https:\/\/www.asterix-friends.com\/de\/migrationszustimmung\/\" \/>\n<script type=\"application\/ld+json\" class=\"yoast-schema-graph\">{\"@context\":\"https:\/\/schema.org\",\"@graph\":[{\"@type\":\"WebSite\",\"@id\":\"https:\/\/www.asterix-friends.com\/de\/#website\",\"url\":\"https:\/\/www.asterix-friends.com\/de\/\",\"name\":\"Asterix &amp; Friends - Official Website\",\"description\":\"Asterix &amp; Friends - the official Online and Mobile Game\",\"potentialAction\":[{\"@type\":\"SearchAction\",\"target\":{\"@type\":\"EntryPoint\",\"urlTemplate\":\"https:\/\/www.asterix-friends.com\/de\/?s={search_term_string}\"},\"query-input\":\"required name=search_term_string\"}],\"inLanguage\":\"de-DE\"},{\"@type\":\"WebPage\",\"@id\":\"https:\/\/www.asterix-friends.com\/de\/migrationszustimmung\/\",\"url\":\"https:\/\/www.asterix-friends.com\/de\/migrationszustimmung\/\",\"name\":\"Migrationszustimmung - Asterix &amp; Friends - Official Website\",\"isPartOf\":{\"@id\":\"https:\/\/www.asterix-friends.com\/de\/#website\"},\"datePublished\":\"2014-05-04T23:12:24+00:00\",\"dateModified\":\"2014-05-05T22:24:06+00:00\",\"breadcrumb\":{\"@id\":\"https:\/\/www.asterix-friends.com\/de\/migrationszustimmung\/#breadcrumb\"},\"inLanguage\":\"de-DE\",\"potentialAction\":[{\"@type\":\"ReadAction\",\"target\":[\"https:\/\/www.asterix-friends.com\/de\/migrationszustimmung\/\"]}]},{\"@type\":\"BreadcrumbList\",\"@id\":\"https:\/\/www.asterix-friends.com\/de\/migrationszustimmung\/#breadcrumb\",\"itemListElement\":[{\"@type\":\"ListItem\",\"position\":1,\"name\":\"Home\",\"item\":\"https:\/\/www.asterix-friends.com\/de\/\"},{\"@type\":\"ListItem\",\"position\":2,\"name\":\"Migrationszustimmung\"}]}]}<\/script>\n<!-- \/ Yoast SEO plugin. -->","yoast_head_json":{"title":"Migrationszustimmung - Asterix &amp; Friends - Official Website","robots":{"index":"index","follow":"follow","max-snippet":"max-snippet:-1","max-image-preview":"max-image-preview:large","max-video-preview":"max-video-preview:-1"},"canonical":"https:\/\/www.asterix-friends.com\/de\/migrationszustimmung\/","schema":{"@context":"https:\/\/schema.org","@graph":[{"@type":"WebSite","@id":"https:\/\/www.asterix-friends.com\/de\/#website","url":"https:\/\/www.asterix-friends.com\/de\/","name":"Asterix &amp; Friends - Official Website","description":"Asterix &amp; Friends - the official Online and Mobile Game","potentialAction":[{"@type":"SearchAction","target":{"@type":"EntryPoint","urlTemplate":"https:\/\/www.asterix-friends.com\/de\/?s={search_term_string}"},"query-input":"required name=search_term_string"}],"inLanguage":"de-DE"},{"@type":"WebPage","@id":"https:\/\/www.asterix-friends.com\/de\/migrationszustimmung\/","url":"https:\/\/www.asterix-friends.com\/de\/migrationszustimmung\/","name":"Migrationszustimmung - Asterix &amp; Friends - Official Website","isPartOf":{"@id":"https:\/\/www.asterix-friends.com\/de\/#website"},"datePublished":"2014-05-04T23:12:24+00:00","dateModified":"2014-05-05T22:24:06+00:00","breadcrumb":{"@id":"https:\/\/www.asterix-friends.com\/de\/migrationszustimmung\/#breadcrumb"},"inLanguage":"de-DE","potentialAction":[{"@type":"ReadAction","target":["https:\/\/www.asterix-friends.com\/de\/migrationszustimmung\/"]}]},{"@type":"BreadcrumbList","@id":"https:\/\/www.asterix-friends.com\/de\/migrationszustimmung\/#breadcrumb","itemListElement":[{"@type":"ListItem","position":1,"name":"Home","item":"https:\/\/www.asterix-friends.com\/de\/"},{"@type":"ListItem","position":2,"name":"Migrationszustimmung"}]}]}},"_links":{"self":[{"href":"https:\/\/www.asterix-friends.com\/de\/wp-json\/wp\/v2\/pages\/2102"}],"collection":[{"href":"https:\/\/www.asterix-friends.com\/de\/wp-json\/wp\/v2\/pages"}],"about":[{"href":"https:\/\/www.asterix-friends.com\/de\/wp-json\/wp\/v2\/types\/page"}],"author":[{"embeddable":true,"href":"https:\/\/www.asterix-friends.com\/de\/wp-json\/wp\/v2\/users\/23"}],"replies":[{"embeddable":true,"href":"https:\/\/www.asterix-friends.com\/de\/wp-json\/wp\/v2\/comments?post=2102"}],"version-history":[{"count":8,"href":"https:\/\/www.asterix-friends.com\/de\/wp-json\/wp\/v2\/pages\/2102\/revisions"}],"predecessor-version":[{"id":2224,"href":"https:\/\/www.asterix-friends.com\/de\/wp-json\/wp\/v2\/pages\/2102\/revisions\/2224"}],"wp:attachment":[{"href":"https:\/\/www.asterix-friends.com\/de\/wp-json\/wp\/v2\/media?parent=2102"}],"curies":[{"name":"wp","href":"https:\/\/api.w.org\/{rel}","templated":true}]}}