{"id":1523,"date":"2013-09-10T17:30:19","date_gmt":"2013-09-10T15:30:19","guid":{"rendered":"https:\/\/www.asterix-friends.com\/?page_id=1523"},"modified":"2014-02-19T14:51:08","modified_gmt":"2014-02-19T12:51:08","slug":"teilnahmebedingungen","status":"publish","type":"page","link":"https:\/\/www.asterix-friends.com\/de\/teilnahmebedingungen\/","title":{"rendered":"Teilnahmebedingungen"},"content":{"rendered":"<h2>Teilnahmeregeln<\/h2>\n<p><em>Hinweis: Diese Teilnahmeregeln gelten f\u00fcr alle Promotionen und Gewinnspiele auf <\/em>\u00a0<em><a href=\"https:\/\/www.facebook.com\/AsterixAndFriends\">www.facebook.com\/asterixandfriends<\/a> sowie f\u00fcr Promotionen und Gewinnspiele auf <a href=\"https:\/\/www.asterix-friends.com\/de\/\">asterix-friends.com\/de<\/a>\u00a0sowie im <a href=\"https:\/\/boards.browsergames.telekom.net\/index.php?page=Board&amp;boardID=37\">Asterix &amp; Friends Forum<\/a>.<\/em><\/p>\n<p><strong>Diese Promotionen stehen in keiner Verbindung zu Facebook und werden in keiner Weise von Facebook gesponsort, unterst\u00fctzt oder organisiert. Der Empf\u00e4nger der von dir bereitgestellten Information ist nicht Facebook, sondern die Deutsche Telekom AG. Die bereitgestellten Informationen werden einzig f\u00fcr diese Aktion verwendet.<\/strong><\/p>\n<p><a href=\"http:\/\/www.telekom.de\/agb\/direkt?AGBID=2189\">Datenschutzhinweise<\/a><\/p>\n<p><span style=\"text-decoration: underline;\"><strong style=\"line-height: 1.714285714; font-size: 1rem;\">Teilnahmebedingungen:<\/strong><\/span><\/p>\n<ol>\n<li><span style=\"font-size: 1rem; line-height: 1.714285714;\">Teilnahme ab 14 Jahren.<\/span><\/li>\n<li><span style=\"font-size: 1rem; line-height: 1.714285714;\">Mitarbeiter der Deutschen Telekom AG sowie des Spielentwickler-Studios und deren Angeh\u00f6rige sind von der Teilnahme ausgeschlossen.<\/span><\/li>\n<li><span style=\"font-size: 1rem; line-height: 1.714285714;\">Teilnahmeschluss ist der 05.03.2014<\/span><span style=\"font-size: 1rem; line-height: 1.714285714;\"> um 23:59 Uhr.<\/span><\/li>\n<li><span style=\"font-size: 1rem; line-height: 1.714285714;\" data-mce-mark=\"1\">Sofern im Gewinnspielbeitrag nicht anders angegeben, werden alle Preise per Zufallsauswahl unter allen Teilnehmern bzw. unter allen Teilnehmern mit der richtigen Antwort verlost.<\/span><\/li>\n<li><span style=\"font-size: 1rem; line-height: 1.714285714;\">Die Gewinner werden entweder \u00fcber ihre im Gewinnspiel hinterlegten In-Game Accounts oder\u00a0<\/span><span style=\"font-size: 1rem; line-height: 1.714285714;\">Foren-Accounts durch die Game-Administratoren oder Foren-Admins benachrichtigt. Sieht das\u00a0<\/span><span style=\"font-size: 1rem; line-height: 1.714285714;\">Teilnahmeformular eine Kontaktm\u00f6glichkeit \u00fcber Email vor, werde die Gewinner alternativ \u00fcber\u00a0<\/span><span style=\"font-size: 1rem; line-height: 1.714285714;\">diesen Weg kontaktiert.<\/span><\/li>\n<li><span style=\"font-size: 1rem; line-height: 1.714285714;\">Jeder Teilnehmer hat selbst daf\u00fcr Sorge zu tragen, dass sein In-Game Account bzw. Foren-Account\u00a0<\/span><span style=\"font-size: 1rem; line-height: 1.714285714;\">bzw. Emailadresse richtig geschrieben und somit im Gewinnfall erreichbar ist.<\/span><\/li>\n<li><span style=\"font-size: 1rem; line-height: 1.714285714;\">Wird ein Gewinn in Form von In-Game Gegenst\u00e4nden vergeben, enth\u00e4lt die Gewinnbenachrichtigung\u00a0<\/span><span style=\"font-size: 1rem; line-height: 1.714285714;\">diese je nach technischer M\u00f6glichkeit entweder als Anhang, bzw wird direkt auf den Gewinner-\u00a0<\/span><span style=\"font-size: 1rem; line-height: 1.714285714;\">Account gutgeschrieben.<\/span><\/li>\n<li><span style=\"font-size: 1rem; line-height: 1.714285714;\">Unabh\u00e4ngig davon, ob f\u00fcr den Gewinner eine Wahlm\u00f6glichkeit entsteht (z.B. auf welchen\u00a0<\/span><span style=\"font-size: 1rem; line-height: 1.714285714;\">Spielserver oder Spiel-Account gutgeschrieben werden soll), muss der Gewinner seinen Gewinn\u00a0<\/span><span style=\"font-size: 1rem; line-height: 1.714285714;\">innerhalb von 24h nach Zustellung der Gewinn-Benachrichtigung beanspruchen. Beanspruchung erfolgt\u00a0<\/span><span style=\"font-size: 1rem; line-height: 1.714285714;\">in diesem Fall entweder (je nach Zustellungsart der Gewinnbenachrichtigung) durch Antwort auf die\u00a0<\/span><span style=\"font-size: 1rem; line-height: 1.714285714;\">Gewinnbenachrichtigung im Forum-Postfach oder als Antwort auf die Gewinnbenachrichtigung an den\u00a0<\/span><span style=\"font-size: 1rem; line-height: 1.714285714;\">hinterlegen Admin-Account im In-Game Postfach des Gewinners oder als Antwort auf die\u00a0<\/span><span style=\"font-size: 1rem; line-height: 1.714285714;\">Gewinnbenachrichtigung per Email.<\/span><\/li>\n<li><span style=\"font-size: 1rem; line-height: 1.714285714;\">Erfolgt innerhalb von 24h keine R\u00fcckantwort auf die Gewinnbenachrichtigung, wird der Preis\u00a0<\/span><span style=\"font-size: 1rem; line-height: 1.714285714;\">erneut verlost.<\/span><\/li>\n<li><span style=\"font-size: 1rem; line-height: 1.714285714;\">Eine Barauszahlung der Gewinne erfolgt nicht.<\/span><\/li>\n<li><span style=\"font-size: 1rem; line-height: 1.714285714;\">Deutsche Telekom AG ist berechtigt, Teilnehmer, bei denen der Verdacht besteht, dass sie gegen\u00a0<\/span><span style=\"font-size: 1rem; line-height: 1.714285714;\">die Teilnahmebedingungen oder die Spielregeln versto\u00dfen, oder bei sonstiger Manipulation von der\u00a0<\/span><span style=\"font-size: 1rem; line-height: 1.714285714;\">Teilnahme am Gewinnspiel\/Wettbewerb auszuschlie\u00dfen und gegebenenfalls auch nachtr\u00e4glich Gewinne\u00a0<\/span><span style=\"font-size: 1rem; line-height: 1.714285714;\">abzuerkennen und zur\u00fcckzufordern.<\/span><\/li>\n<li><span style=\"font-size: 1rem; line-height: 1.714285714;\">Wird die Teilnahme bei einem Gewinnspiel \u00fcber die Abgabe eines Kommentars z.B. zu einem\u00a0<\/span><span style=\"font-size: 1rem; line-height: 1.714285714;\">Facebook-Gewinnspielpost einbezogen, d\u00fcrfen diese Kommentare keine Beleidigungen, falsche\u00a0<\/span><span style=\"font-size: 1rem; line-height: 1.714285714;\">Tatsachen, Wettbewerbs-, Marken oder Urheberrechtsverst\u00f6\u00dfe enthalten.<\/span><\/li>\n<li><span style=\"font-size: 1rem; line-height: 1.714285714;\">Die Deutsche Telekom AG haftet bei vorgenannten Verst\u00f6\u00dfen allgemein nicht f\u00fcr Inhalte von\u00a0<\/span><span style=\"font-size: 1rem; line-height: 1.714285714;\">Nutzer-Kommentaren auf ihren Facebookseiten, insbesondere bei \u00fcber Facebook oder \u00fcber andere\u00a0<\/span><span style=\"font-size: 1rem; line-height: 1.714285714;\">Social Media Seiten gef\u00fchrte, \u00f6ffentlich einsehbare Gewinnspiel-Teilnahmeeinsendungen\u00a0<\/span><span style=\"font-size: 1rem; line-height: 1.714285714;\">(Kommentare). Hierbei ist allein der kommentierende Facebooknutzer haftbar zu machen.<\/span><\/li>\n<li><span style=\"font-size: 1rem; line-height: 1.714285714;\">\u00c4nderungen der Gewinne in ihrer konkreten Ausgestaltung bleiben vorbehalten.<\/span><\/li>\n<\/ol>\n","protected":false},"excerpt":{"rendered":"<p>Teilnahmeregeln Hinweis: Diese Teilnahmeregeln gelten f\u00fcr alle Promotionen und Gewinnspiele auf \u00a0www.facebook.com\/asterixandfriends sowie f\u00fcr Promotionen und Gewinnspiele auf asterix-friends.com\/de\u00a0sowie im [&hellip;]<\/p>\n","protected":false},"author":23,"featured_media":0,"parent":0,"menu_order":0,"comment_status":"closed","ping_status":"closed","template":"","meta":{"ngg_post_thumbnail":0},"acf":[],"yoast_head":"<!-- This site is optimized with the Yoast SEO plugin v19.3 - https:\/\/yoast.com\/wordpress\/plugins\/seo\/ -->\n<title>Teilnahmebedingungen - Asterix &amp; Friends - Official Website<\/title>\n<meta name=\"robots\" content=\"index, follow, max-snippet:-1, max-image-preview:large, max-video-preview:-1\" \/>\n<link rel=\"canonical\" href=\"https:\/\/www.asterix-friends.com\/de\/teilnahmebedingungen\/\" \/>\n<meta name=\"twitter:label1\" content=\"Gesch\u00e4tzte Lesezeit\" \/>\n\t<meta name=\"twitter:data1\" content=\"2 Minuten\" \/>\n<script type=\"application\/ld+json\" class=\"yoast-schema-graph\">{\"@context\":\"https:\/\/schema.org\",\"@graph\":[{\"@type\":\"WebSite\",\"@id\":\"https:\/\/www.asterix-friends.com\/de\/#website\",\"url\":\"https:\/\/www.asterix-friends.com\/de\/\",\"name\":\"Asterix &amp; Friends - Official Website\",\"description\":\"Asterix &amp; Friends - the official Online and Mobile Game\",\"potentialAction\":[{\"@type\":\"SearchAction\",\"target\":{\"@type\":\"EntryPoint\",\"urlTemplate\":\"https:\/\/www.asterix-friends.com\/de\/?s={search_term_string}\"},\"query-input\":\"required name=search_term_string\"}],\"inLanguage\":\"de-DE\"},{\"@type\":\"WebPage\",\"@id\":\"https:\/\/www.asterix-friends.com\/de\/teilnahmebedingungen\/\",\"url\":\"https:\/\/www.asterix-friends.com\/de\/teilnahmebedingungen\/\",\"name\":\"Teilnahmebedingungen - Asterix &amp; Friends - Official Website\",\"isPartOf\":{\"@id\":\"https:\/\/www.asterix-friends.com\/de\/#website\"},\"datePublished\":\"2013-09-10T15:30:19+00:00\",\"dateModified\":\"2014-02-19T12:51:08+00:00\",\"breadcrumb\":{\"@id\":\"https:\/\/www.asterix-friends.com\/de\/teilnahmebedingungen\/#breadcrumb\"},\"inLanguage\":\"de-DE\",\"potentialAction\":[{\"@type\":\"ReadAction\",\"target\":[\"https:\/\/www.asterix-friends.com\/de\/teilnahmebedingungen\/\"]}]},{\"@type\":\"BreadcrumbList\",\"@id\":\"https:\/\/www.asterix-friends.com\/de\/teilnahmebedingungen\/#breadcrumb\",\"itemListElement\":[{\"@type\":\"ListItem\",\"position\":1,\"name\":\"Home\",\"item\":\"https:\/\/www.asterix-friends.com\/de\/\"},{\"@type\":\"ListItem\",\"position\":2,\"name\":\"Teilnahmebedingungen\"}]}]}<\/script>\n<!-- \/ Yoast SEO plugin. -->","yoast_head_json":{"title":"Teilnahmebedingungen - Asterix &amp; Friends - Official Website","robots":{"index":"index","follow":"follow","max-snippet":"max-snippet:-1","max-image-preview":"max-image-preview:large","max-video-preview":"max-video-preview:-1"},"canonical":"https:\/\/www.asterix-friends.com\/de\/teilnahmebedingungen\/","twitter_misc":{"Gesch\u00e4tzte Lesezeit":"2 Minuten"},"schema":{"@context":"https:\/\/schema.org","@graph":[{"@type":"WebSite","@id":"https:\/\/www.asterix-friends.com\/de\/#website","url":"https:\/\/www.asterix-friends.com\/de\/","name":"Asterix &amp; Friends - Official Website","description":"Asterix &amp; Friends - the official Online and Mobile Game","potentialAction":[{"@type":"SearchAction","target":{"@type":"EntryPoint","urlTemplate":"https:\/\/www.asterix-friends.com\/de\/?s={search_term_string}"},"query-input":"required name=search_term_string"}],"inLanguage":"de-DE"},{"@type":"WebPage","@id":"https:\/\/www.asterix-friends.com\/de\/teilnahmebedingungen\/","url":"https:\/\/www.asterix-friends.com\/de\/teilnahmebedingungen\/","name":"Teilnahmebedingungen - Asterix &amp; Friends - Official Website","isPartOf":{"@id":"https:\/\/www.asterix-friends.com\/de\/#website"},"datePublished":"2013-09-10T15:30:19+00:00","dateModified":"2014-02-19T12:51:08+00:00","breadcrumb":{"@id":"https:\/\/www.asterix-friends.com\/de\/teilnahmebedingungen\/#breadcrumb"},"inLanguage":"de-DE","potentialAction":[{"@type":"ReadAction","target":["https:\/\/www.asterix-friends.com\/de\/teilnahmebedingungen\/"]}]},{"@type":"BreadcrumbList","@id":"https:\/\/www.asterix-friends.com\/de\/teilnahmebedingungen\/#breadcrumb","itemListElement":[{"@type":"ListItem","position":1,"name":"Home","item":"https:\/\/www.asterix-friends.com\/de\/"},{"@type":"ListItem","position":2,"name":"Teilnahmebedingungen"}]}]}},"_links":{"self":[{"href":"https:\/\/www.asterix-friends.com\/de\/wp-json\/wp\/v2\/pages\/1523"}],"collection":[{"href":"https:\/\/www.asterix-friends.com\/de\/wp-json\/wp\/v2\/pages"}],"about":[{"href":"https:\/\/www.asterix-friends.com\/de\/wp-json\/wp\/v2\/types\/page"}],"author":[{"embeddable":true,"href":"https:\/\/www.asterix-friends.com\/de\/wp-json\/wp\/v2\/users\/23"}],"replies":[{"embeddable":true,"href":"https:\/\/www.asterix-friends.com\/de\/wp-json\/wp\/v2\/comments?post=1523"}],"version-history":[{"count":12,"href":"https:\/\/www.asterix-friends.com\/de\/wp-json\/wp\/v2\/pages\/1523\/revisions"}],"predecessor-version":[{"id":1967,"href":"https:\/\/www.asterix-friends.com\/de\/wp-json\/wp\/v2\/pages\/1523\/revisions\/1967"}],"wp:attachment":[{"href":"https:\/\/www.asterix-friends.com\/de\/wp-json\/wp\/v2\/media?parent=1523"}],"curies":[{"name":"wp","href":"https:\/\/api.w.org\/{rel}","templated":true}]}}